{"id":1318,"date":"2015-03-10T16:14:58","date_gmt":"2015-03-10T14:14:58","guid":{"rendered":"http:\/\/seeweg.info\/wordpress\/?page_id=1318"},"modified":"2015-12-18T20:09:10","modified_gmt":"2015-12-18T18:09:10","slug":"gut-wittmoldt-2","status":"publish","type":"page","link":"https:\/\/seeweg.info\/wordpress\/gut-wittmoldt-2\/","title":{"rendered":"Gut Wittmoldt"},"content":{"rendered":"<p><img loading=\"lazy\" decoding=\"async\" class=\"aligncenter size-medium wp-image-996\" src=\"https:\/\/seeweg.info\/wordpress\/wp-content\/uploads\/2014\/08\/Vernissage-BL-140705-430-von-4691-600x151.jpg\" alt=\"\" width=\"600\" height=\"151\" srcset=\"https:\/\/seeweg.info\/wordpress\/wp-content\/uploads\/2014\/08\/Vernissage-BL-140705-430-von-4691-600x151.jpg 600w, https:\/\/seeweg.info\/wordpress\/wp-content\/uploads\/2014\/08\/Vernissage-BL-140705-430-von-4691-180x45.jpg 180w, https:\/\/seeweg.info\/wordpress\/wp-content\/uploads\/2014\/08\/Vernissage-BL-140705-430-von-4691-1024x258.jpg 1024w, https:\/\/seeweg.info\/wordpress\/wp-content\/uploads\/2014\/08\/Vernissage-BL-140705-430-von-4691-624x157.jpg 624w\" sizes=\"auto, (max-width: 600px) 100vw, 600px\" \/><\/p>\n<div id=\"content\" class=\"clearfix\"><\/div>\n<h1 style=\"padding-left: 30px;\">Herzlich Willkommen auf Gut Wittmoldt<\/h1>\n<h1 style=\"padding-left: 60px;\">\u00a0\u00a0 in der Holsteinischen Schweiz<\/h1>\n<p>&nbsp;<\/p>\n<p>&nbsp;<\/p>\n<h4>\u00dcber uns<\/h4>\n<p>&nbsp;<\/p>\n<p>Wir, Am\u00e9lie von B\u00fclow-Sartory und R\u00fcdiger Sartory, freuen uns, Ihnen den famili\u00e4r gef\u00fchrten Gutshof mit seinem vielf\u00e4ltigen Angebot vorzustellen: Zur landschaftlich besonders sch\u00f6n gelegenen Gutsanlage geh\u00f6rt eine Einrichtung f\u00fcr Therapeutisches Reiten, ein Ausbildungsstall f\u00fcr Pferd + Reiter sowie ein G\u00e4stehaus und eine kleine Anzahl von G\u00e4stewohnungen. Im Gutshaus laden gro\u00dfz\u00fcgige historische R\u00e4umlichkeiten zu privaten und gesch\u00e4ftlichen Veranstaltungen ein.<\/p>\n<p>&nbsp;<\/p>\n<h4>Kontakt<\/h4>\n<p>Familie von B\u00fclow-Sartory, Gut Wittmoldt, 24306 Wittmoldt (bei Pl\u00f6n)<br \/>\nTel: 04 522-12 63 \u2013 Fax: 045 22-50 83 71<\/p>\n<p>info@gut-wittmoldt.de \u2013 www.gut-wittmoldt.de <a title=\"Gut wittmoldt\" href=\"http:\/\/gut-wittmoldt.de\" target=\"_blank\">http:\/\/gut-wittmoldt.de<\/a><\/p>\n<p>HIER finden Sie eine Auflistung aktueller Termine, Veranstaltungen und Kurse auf Gut Wittmoldt. <a title=\"Gut Wittmoldt\" href=\"http:\/\/gut-wittmoldt.de\/termine\/veranstaltungen\/\" target=\"_blank\">http:\/\/gut-wittmoldt.de\/termine\/veranstaltungen\/<\/a><\/p>\n<p>&nbsp;<\/p>\n<p>\u2022 \u00a9 2015 Gut Wittmoldt \u2013 Pferde, Therapien :: Ferien, Bed &amp; Breakfast :: Tagen, Treffen, Feiern :: Veranstaltungen &amp; Termine \u2013 auf dem Gut Wittmoldt im Kreis Pl\u00f6n<\/p>\n","protected":false},"excerpt":{"rendered":"<p>Herzlich Willkommen auf Gut Wittmoldt \u00a0\u00a0 in der Holsteinischen Schweiz &nbsp; &nbsp; \u00dcber uns &nbsp; Wir, Am\u00e9lie von B\u00fclow-Sartory und R\u00fcdiger Sartory, freuen uns, Ihnen den famili\u00e4r gef\u00fchrten Gutshof mit seinem vielf\u00e4ltigen Angebot vorzustellen: Zur landschaftlich besonders sch\u00f6n gelegenen Gutsanlage geh\u00f6rt eine Einrichtung f\u00fcr Therapeutisches Reiten, ein Ausbildungsstall f\u00fcr Pferd + Reiter sowie ein G\u00e4stehaus &hellip; <a href=\"https:\/\/seeweg.info\/wordpress\/gut-wittmoldt-2\/\" class=\"more-link\"><span class=\"screen-reader-text\">Gut Wittmoldt<\/span> weiterlesen<\/a><\/p>\n","protected":false},"author":4,"featured_media":0,"parent":0,"menu_order":59,"comment_status":"closed","ping_status":"closed","template":"","meta":{"_monsterinsights_skip_tracking":false,"_monsterinsights_sitenote_active":false,"_monsterinsights_sitenote_note":"","_monsterinsights_sitenote_category":0,"footnotes":""},"class_list":["post-1318","page","type-page","status-publish","hentry"],"_links":{"self":[{"href":"https:\/\/seeweg.info\/wordpress\/wp-json\/wp\/v2\/pages\/1318","targetHints":{"allow":["GET"]}}],"collection":[{"href":"https:\/\/seeweg.info\/wordpress\/wp-json\/wp\/v2\/pages"}],"about":[{"href":"https:\/\/seeweg.info\/wordpress\/wp-json\/wp\/v2\/types\/page"}],"author":[{"embeddable":true,"href":"https:\/\/seeweg.info\/wordpress\/wp-json\/wp\/v2\/users\/4"}],"replies":[{"embeddable":true,"href":"https:\/\/seeweg.info\/wordpress\/wp-json\/wp\/v2\/comments?post=1318"}],"version-history":[{"count":33,"href":"https:\/\/seeweg.info\/wordpress\/wp-json\/wp\/v2\/pages\/1318\/revisions"}],"predecessor-version":[{"id":1761,"href":"https:\/\/seeweg.info\/wordpress\/wp-json\/wp\/v2\/pages\/1318\/revisions\/1761"}],"wp:attachment":[{"href":"https:\/\/seeweg.info\/wordpress\/wp-json\/wp\/v2\/media?parent=1318"}],"curies":[{"name":"wp","href":"https:\/\/api.w.org\/{rel}","templated":true}]}}