{"id":1608,"date":"2016-05-12T15:52:28","date_gmt":"2016-05-12T13:52:28","guid":{"rendered":"http:\/\/seeweg.info\/wordpress\/?page_id=1608"},"modified":"2016-11-15T17:43:05","modified_gmt":"2016-11-15T15:43:05","slug":"biografie","status":"publish","type":"page","link":"https:\/\/seeweg.info\/wordpress\/ausstellung-2016-christian-rothmann\/biografie\/","title":{"rendered":"Christian Rothmann Vita"},"content":{"rendered":"<p><img loading=\"lazy\" decoding=\"async\" class=\"wp-image-1609 aligncenter\" src=\"https:\/\/seeweg.info\/wordpress\/wp-content\/uploads\/2016\/05\/CR-Portrait-720x1024.jpg\" alt=\"CR Portrait\" width=\"414\" height=\"589\" \/><br \/>\nVita<\/p>\n<p>Christian Rothmann, 1954 in Kedzierzyn\/Polen geboren, siedelte 1965 ins hessische Langen \u00fcber. 1976 studierte er zun\u00e4chst an der Hochschule f\u00fcr Gestaltung in Offenbach und wechselte 1977 nach Berlin, wo er sein Studium 1983 an der Hochschule der K\u00fcnste abschloss. Von 1983-95 unterrichtete er an der Hochschule als Lehrbeauftragter und als k\u00fcnstlerischer Mitarbeiter mit dem Schwerpunkt Siebdruck und amerikanische Kunstgeschichte. Bis heute ist ein vielseitiges Werk entstanden, das neben Malereien auch langj\u00e4hrige Fotoprojekte, Videos und Public Art umfasst. Gastvortr\u00e4ge, Lehrauftr\u00e4ge, Stipendien und Ausstellungen f\u00fchren Rothmann regelm\u00e4\u00dfig auf Reisen im In- und Ausland.<\/p>\n<p>Residencies und Gastvortr\u00e4ge<br \/>\n2014 1335 MABINI, Manila, Philippines<br \/>\n2011 Sandarbh Artist Workshop, Partapur, Rajasthan, India<br \/>\n2010 Caochangdi Photospring, Beijing, China<br \/>\n2009 Internat. Festival \u201eSarajevo Winter\u201c, Organic Art Life, Bosnia &amp; Herzegovina<br \/>\n2008 Geumgang Nature Art Biennale, Gongju, S\u00fcd-Korea<br \/>\n2008 Artist-in-Residence, Art Point-Gumno, Macedonia<\/p>\n<p>Ausstellungen (Auswahl)<br \/>\n2016 Kunststation Kleinsassen<br \/>\n2015 KREIS Galerie N\u00fcrnberg<br \/>\n2014 POSITIONS BERLIN Art Fair, CvH16<br \/>\n2013 German Embassy Tokyo (mit Leica und Comtesse)<br \/>\n2013 Galerie Jordanow, M\u00fcnchen<br \/>\n2013 Robotnics, The Moving Gallery Omaha, USA<br \/>\n2013 Here and There, Anderson O\u00b4Brian Fine Art, Omaha, USA<br \/>\n2012 Flower Photography, Tokyo Art Museum, Tokyo, Japan<\/p>\n<p><a href=\"http:\/\/www.rothmann.info\" target=\"_blank\">www.rothmann.info<\/a><\/p>\n<p><a href=\"http:\/\/www.photoseeker.de\" target=\"_blank\">http:\/\/www.photoseeker.de<\/a><\/p>\n","protected":false},"excerpt":{"rendered":"<p>Vita Christian Rothmann, 1954 in Kedzierzyn\/Polen geboren, siedelte 1965 ins hessische Langen \u00fcber. 1976 studierte er zun\u00e4chst an der Hochschule f\u00fcr Gestaltung in Offenbach und wechselte 1977 nach Berlin, wo er sein Studium 1983 an der Hochschule der K\u00fcnste abschloss. Von 1983-95 unterrichtete er an der Hochschule als Lehrbeauftragter und als k\u00fcnstlerischer Mitarbeiter mit dem &hellip; <a href=\"https:\/\/seeweg.info\/wordpress\/ausstellung-2016-christian-rothmann\/biografie\/\" class=\"more-link\"><span class=\"screen-reader-text\">Christian Rothmann Vita<\/span> weiterlesen<\/a><\/p>\n","protected":false},"author":4,"featured_media":0,"parent":1489,"menu_order":39,"comment_status":"closed","ping_status":"closed","template":"","meta":{"_monsterinsights_skip_tracking":false,"_monsterinsights_sitenote_active":false,"_monsterinsights_sitenote_note":"","_monsterinsights_sitenote_category":0,"footnotes":""},"class_list":["post-1608","page","type-page","status-publish","hentry"],"_links":{"self":[{"href":"https:\/\/seeweg.info\/wordpress\/wp-json\/wp\/v2\/pages\/1608","targetHints":{"allow":["GET"]}}],"collection":[{"href":"https:\/\/seeweg.info\/wordpress\/wp-json\/wp\/v2\/pages"}],"about":[{"href":"https:\/\/seeweg.info\/wordpress\/wp-json\/wp\/v2\/types\/page"}],"author":[{"embeddable":true,"href":"https:\/\/seeweg.info\/wordpress\/wp-json\/wp\/v2\/users\/4"}],"replies":[{"embeddable":true,"href":"https:\/\/seeweg.info\/wordpress\/wp-json\/wp\/v2\/comments?post=1608"}],"version-history":[{"count":13,"href":"https:\/\/seeweg.info\/wordpress\/wp-json\/wp\/v2\/pages\/1608\/revisions"}],"predecessor-version":[{"id":1684,"href":"https:\/\/seeweg.info\/wordpress\/wp-json\/wp\/v2\/pages\/1608\/revisions\/1684"}],"up":[{"embeddable":true,"href":"https:\/\/seeweg.info\/wordpress\/wp-json\/wp\/v2\/pages\/1489"}],"wp:attachment":[{"href":"https:\/\/seeweg.info\/wordpress\/wp-json\/wp\/v2\/media?parent=1608"}],"curies":[{"name":"wp","href":"https:\/\/api.w.org\/{rel}","templated":true}]}}