{"id":1634,"date":"2016-05-18T16:57:21","date_gmt":"2016-05-18T14:57:21","guid":{"rendered":"http:\/\/seeweg.info\/wordpress\/?page_id=1634"},"modified":"2016-11-15T17:42:26","modified_gmt":"2016-11-15T15:42:26","slug":"farbinseln-baumbojen","status":"publish","type":"page","link":"https:\/\/seeweg.info\/wordpress\/ausstellung-2016-christian-rothmann\/farbinseln-baumbojen\/","title":{"rendered":"Farbinseln &#038; Baumbojen"},"content":{"rendered":"<h4 style=\"text-align: center;\">Zum Vergr\u00f6\u00dfern der Pl\u00e4ne und der Fotografien bitte das Miniaturbild anklicken<\/h4>\n<p>&nbsp;<\/p>\n<div id='gallery-1' class='gallery galleryid-1634 gallery-columns-2 gallery-size-thumbnail'><figure class='gallery-item'>\n\t\t\t<div class='gallery-icon portrait'>\n\t\t\t\t<a href='https:\/\/seeweg.info\/wordpress\/wp-content\/uploads\/2016\/05\/lageplan-e1463586714935.jpg' rel=\"lightbox[1634]\"><img loading=\"lazy\" decoding=\"async\" width=\"135\" height=\"180\" src=\"https:\/\/seeweg.info\/wordpress\/wp-content\/uploads\/2016\/05\/lageplan-135x180.jpg\" class=\"attachment-thumbnail size-thumbnail\" alt=\"\" srcset=\"https:\/\/seeweg.info\/wordpress\/wp-content\/uploads\/2016\/05\/lageplan-135x180.jpg 135w, https:\/\/seeweg.info\/wordpress\/wp-content\/uploads\/2016\/05\/lageplan-449x600.jpg 449w, https:\/\/seeweg.info\/wordpress\/wp-content\/uploads\/2016\/05\/lageplan-768x1027.jpg 768w, https:\/\/seeweg.info\/wordpress\/wp-content\/uploads\/2016\/05\/lageplan-766x1024.jpg 766w, https:\/\/seeweg.info\/wordpress\/wp-content\/uploads\/2016\/05\/lageplan-624x834.jpg 624w, https:\/\/seeweg.info\/wordpress\/wp-content\/uploads\/2016\/05\/lageplan-e1463586714935.jpg 450w\" sizes=\"auto, (max-width: 135px) 100vw, 135px\" \/><\/a>\n\t\t\t<\/div><\/figure><figure class='gallery-item'>\n\t\t\t<div class='gallery-icon portrait'>\n\t\t\t\t<a href='https:\/\/seeweg.info\/wordpress\/wp-content\/uploads\/2016\/05\/baumbojen-1-e1463586522780.jpg' rel=\"lightbox[1634]\"><img loading=\"lazy\" decoding=\"async\" width=\"128\" height=\"180\" src=\"https:\/\/seeweg.info\/wordpress\/wp-content\/uploads\/2016\/05\/baumbojen-1-e1463586522780-128x180.jpg\" class=\"attachment-thumbnail size-thumbnail\" alt=\"\" srcset=\"https:\/\/seeweg.info\/wordpress\/wp-content\/uploads\/2016\/05\/baumbojen-1-e1463586522780-128x180.jpg 128w, https:\/\/seeweg.info\/wordpress\/wp-content\/uploads\/2016\/05\/baumbojen-1-e1463586522780-428x600.jpg 428w, https:\/\/seeweg.info\/wordpress\/wp-content\/uploads\/2016\/05\/baumbojen-1-e1463586522780.jpg 450w\" sizes=\"auto, (max-width: 128px) 100vw, 128px\" \/><\/a>\n\t\t\t<\/div><\/figure>\n\t\t<\/div>\n\n<p><img loading=\"lazy\" decoding=\"async\" class=\"alignright wp-image-1680 size-medium\" src=\"https:\/\/seeweg.info\/wordpress\/wp-content\/uploads\/2016\/05\/20160506_124605-e1463663385321-600x338.jpg\" alt=\"20160506_124605\" width=\"600\" height=\"338\" srcset=\"https:\/\/seeweg.info\/wordpress\/wp-content\/uploads\/2016\/05\/20160506_124605-e1463663385321-600x338.jpg 600w, https:\/\/seeweg.info\/wordpress\/wp-content\/uploads\/2016\/05\/20160506_124605-e1463663385321-180x101.jpg 180w, https:\/\/seeweg.info\/wordpress\/wp-content\/uploads\/2016\/05\/20160506_124605-e1463663385321-624x351.jpg 624w, https:\/\/seeweg.info\/wordpress\/wp-content\/uploads\/2016\/05\/20160506_124605-e1463663385321.jpg 750w\" sizes=\"auto, (max-width: 600px) 100vw, 600px\" \/><\/p>\n<p><img loading=\"lazy\" decoding=\"async\" class=\"alignright wp-image-1681 size-medium\" src=\"https:\/\/seeweg.info\/wordpress\/wp-content\/uploads\/2016\/05\/IMG_5736-1-e1463663413866-600x450.jpg\" alt=\"IMG_5736\" width=\"600\" height=\"450\" srcset=\"https:\/\/seeweg.info\/wordpress\/wp-content\/uploads\/2016\/05\/IMG_5736-1-e1463663413866-600x450.jpg 600w, https:\/\/seeweg.info\/wordpress\/wp-content\/uploads\/2016\/05\/IMG_5736-1-e1463663413866-180x135.jpg 180w, https:\/\/seeweg.info\/wordpress\/wp-content\/uploads\/2016\/05\/IMG_5736-1-e1463663413866-624x468.jpg 624w, https:\/\/seeweg.info\/wordpress\/wp-content\/uploads\/2016\/05\/IMG_5736-1-e1463663413866.jpg 751w\" sizes=\"auto, (max-width: 600px) 100vw, 600px\" \/><\/p>\n<p>&nbsp;<\/p>\n","protected":false},"excerpt":{"rendered":"<p>Zum Vergr\u00f6\u00dfern der Pl\u00e4ne und der Fotografien bitte das Miniaturbild anklicken &nbsp; &nbsp;<\/p>\n","protected":false},"author":4,"featured_media":0,"parent":1489,"menu_order":37,"comment_status":"closed","ping_status":"closed","template":"","meta":{"_monsterinsights_skip_tracking":false,"_monsterinsights_sitenote_active":false,"_monsterinsights_sitenote_note":"","_monsterinsights_sitenote_category":0,"footnotes":""},"class_list":["post-1634","page","type-page","status-publish","hentry"],"_links":{"self":[{"href":"https:\/\/seeweg.info\/wordpress\/wp-json\/wp\/v2\/pages\/1634","targetHints":{"allow":["GET"]}}],"collection":[{"href":"https:\/\/seeweg.info\/wordpress\/wp-json\/wp\/v2\/pages"}],"about":[{"href":"https:\/\/seeweg.info\/wordpress\/wp-json\/wp\/v2\/types\/page"}],"author":[{"embeddable":true,"href":"https:\/\/seeweg.info\/wordpress\/wp-json\/wp\/v2\/users\/4"}],"replies":[{"embeddable":true,"href":"https:\/\/seeweg.info\/wordpress\/wp-json\/wp\/v2\/comments?post=1634"}],"version-history":[{"count":7,"href":"https:\/\/seeweg.info\/wordpress\/wp-json\/wp\/v2\/pages\/1634\/revisions"}],"predecessor-version":[{"id":1636,"href":"https:\/\/seeweg.info\/wordpress\/wp-json\/wp\/v2\/pages\/1634\/revisions\/1636"}],"up":[{"embeddable":true,"href":"https:\/\/seeweg.info\/wordpress\/wp-json\/wp\/v2\/pages\/1489"}],"wp:attachment":[{"href":"https:\/\/seeweg.info\/wordpress\/wp-json\/wp\/v2\/media?parent=1634"}],"curies":[{"name":"wp","href":"https:\/\/api.w.org\/{rel}","templated":true}]}}