{"id":19,"date":"2013-04-12T01:01:16","date_gmt":"2013-04-11T23:01:16","guid":{"rendered":"http:\/\/seeweg.info\/wordpress\/?page_id=19"},"modified":"2017-03-08T11:39:54","modified_gmt":"2017-03-08T09:39:54","slug":"informationen-anfahrt","status":"publish","type":"page","link":"https:\/\/seeweg.info\/wordpress\/informationen-anfahrt\/","title":{"rendered":"Informationen \/ Anfahrt"},"content":{"rendered":"<div id='gallery-1' class='gallery galleryid-19 gallery-columns-3 gallery-size-thumbnail'><figure class='gallery-item'>\n\t\t\t<div class='gallery-icon portrait'>\n\t\t\t\t<a href='https:\/\/seeweg.info\/wordpress\/wp-content\/uploads\/2013\/04\/DSC04528-e1369988168605.jpg' rel=\"lightbox[19]\"><img loading=\"lazy\" decoding=\"async\" width=\"135\" height=\"180\" src=\"https:\/\/seeweg.info\/wordpress\/wp-content\/uploads\/2013\/04\/DSC04528-135x180.jpg\" class=\"attachment-thumbnail size-thumbnail\" alt=\"\" srcset=\"https:\/\/seeweg.info\/wordpress\/wp-content\/uploads\/2013\/04\/DSC04528-135x180.jpg 135w, https:\/\/seeweg.info\/wordpress\/wp-content\/uploads\/2013\/04\/DSC04528-450x600.jpg 450w, https:\/\/seeweg.info\/wordpress\/wp-content\/uploads\/2013\/04\/DSC04528-768x1024.jpg 768w, https:\/\/seeweg.info\/wordpress\/wp-content\/uploads\/2013\/04\/DSC04528-624x832.jpg 624w, https:\/\/seeweg.info\/wordpress\/wp-content\/uploads\/2013\/04\/DSC04528-e1369988168605.jpg 500w\" sizes=\"auto, (max-width: 135px) 100vw, 135px\" \/><\/a>\n\t\t\t<\/div><\/figure><figure class='gallery-item'>\n\t\t\t<div class='gallery-icon landscape'>\n\t\t\t\t<a href='https:\/\/seeweg.info\/wordpress\/wp-content\/uploads\/2013\/04\/DSC04527-e1369988187894.jpg' rel=\"lightbox[19]\"><img loading=\"lazy\" decoding=\"async\" width=\"180\" height=\"135\" src=\"https:\/\/seeweg.info\/wordpress\/wp-content\/uploads\/2013\/04\/DSC04527-180x135.jpg\" class=\"attachment-thumbnail size-thumbnail\" alt=\"\" srcset=\"https:\/\/seeweg.info\/wordpress\/wp-content\/uploads\/2013\/04\/DSC04527-180x135.jpg 180w, https:\/\/seeweg.info\/wordpress\/wp-content\/uploads\/2013\/04\/DSC04527-600x450.jpg 600w, https:\/\/seeweg.info\/wordpress\/wp-content\/uploads\/2013\/04\/DSC04527-1024x768.jpg 1024w, https:\/\/seeweg.info\/wordpress\/wp-content\/uploads\/2013\/04\/DSC04527-624x468.jpg 624w, https:\/\/seeweg.info\/wordpress\/wp-content\/uploads\/2013\/04\/DSC04527-e1369988187894.jpg 651w\" sizes=\"auto, (max-width: 180px) 100vw, 180px\" \/><\/a>\n\t\t\t<\/div><\/figure><figure class='gallery-item'>\n\t\t\t<div class='gallery-icon portrait'>\n\t\t\t\t<a href='https:\/\/seeweg.info\/wordpress\/wp-content\/uploads\/2013\/04\/DSC04545-e1369991771601.jpg' rel=\"lightbox[19]\"><img loading=\"lazy\" decoding=\"async\" width=\"135\" height=\"180\" src=\"https:\/\/seeweg.info\/wordpress\/wp-content\/uploads\/2013\/04\/DSC04545-135x180.jpg\" class=\"attachment-thumbnail size-thumbnail\" alt=\"\" srcset=\"https:\/\/seeweg.info\/wordpress\/wp-content\/uploads\/2013\/04\/DSC04545-135x180.jpg 135w, https:\/\/seeweg.info\/wordpress\/wp-content\/uploads\/2013\/04\/DSC04545-450x600.jpg 450w, https:\/\/seeweg.info\/wordpress\/wp-content\/uploads\/2013\/04\/DSC04545-768x1024.jpg 768w, https:\/\/seeweg.info\/wordpress\/wp-content\/uploads\/2013\/04\/DSC04545-624x832.jpg 624w, https:\/\/seeweg.info\/wordpress\/wp-content\/uploads\/2013\/04\/DSC04545-e1369991771601.jpg 500w\" sizes=\"auto, (max-width: 135px) 100vw, 135px\" \/><\/a>\n\t\t\t<\/div><\/figure>\n\t\t<\/div>\n\n<h1>Anfahrt Gut Wittmoldt<\/h1>\n<h1>Am L\u00fctten Diek 2<\/h1>\n<h1>24306 Wittmoldt<\/h1>\n<div><\/div>\n<p>aus Richtung L\u00fcbeck<br \/>\nA1 Richtung Puttgarden Abfahrt Eutin \/ Haffkrug<br \/>\nB76 Richtung Kiel<br \/>\nca 2 km nach Ortsende Pl\u00f6n links in Richtung Wittmoldt<br \/>\n(NICHT Wittmoldt Siedlung) abbiegen und dem Stra\u00dfenverlauf folgen.<br \/>\nNach ca. 1km links in Richtung Gut Wittmoldt abbiegen.<br \/>\nNach ca. 500m haben Sie unsere Reithalle auf der linken Seite erreicht.<\/p>\n<p>aus Richtung Kiel<br \/>\nFahren Sie in Kiel auf die B76 in Richtung L\u00fcbeck und folgen Sie dem Stra\u00dfenverlauf.<br \/>\nNach ca. 26km bitte rechts von der B76 in Richtung Wittmoldt<br \/>\n(NICHT Wittmoldt Siedlung) abbiegen und dem Stra\u00dfenverlauf folgen.<br \/>\nNach ca. 1km links in Richtung Gut Wittmoldt abbiegen.<br \/>\nNach ca. 500m haben Sie unsere Reithalle auf der linken Seite erreicht.<\/p>\n<p>aus Richtung Hamburg &#8211; \u00f6stlich<br \/>\nA1 Richtung Fehmarn<br \/>\nAusfahrt 27 Bargteheide A 21 Richtung Kiel<br \/>\nB 404 Richtung Kiel<br \/>\nA 21 Richtung Kiel<br \/>\nAusfahrt 8 Bornh\u00f6ved in 430 Richtung Pl\u00f6n<br \/>\nin Pl\u00f6n links auf die B 76<br \/>\nca 2 km nach Ortsende Pl\u00f6n links in Richtung Wittmoldt<br \/>\n(NICHT Wittmoldt Siedlung) abbiegen und dem Stra\u00dfenverlauf folgen.<br \/>\nNach ca. 1km links in Richtung Gut Wittmoldt abbiegen.<br \/>\nNach ca. 500m haben Sie unsere Reithalle auf der linken Seite erreicht.<\/p>\n<p>aus Richtung Hamburg &#8211; westlich<br \/>\nA7 Richtung Flensburg<br \/>\nAusfahrt 16 Grossenaspe Richtung Pl\u00f6n L 319<br \/>\nAltonaer Stra\u00dfe K 16<br \/>\nin Neum\u00fcnster rechts in die Pl\u00f6ner Stra\u00dfe K 16<br \/>\nweiter auf Pl\u00f6ner Chaussee B 430<br \/>\nin Pl\u00f6n links B 76<br \/>\nca 2 km nach Ortsende Pl\u00f6n links in Richtung Wittmoldt<br \/>\n(NICHT Wittmoldt Siedlung) abbiegen und dem Stra\u00dfenverlauf folgen.<br \/>\nNach ca. 1km links in Richtung Gut Wittmoldt abbiegen.<br \/>\nNach ca. 500m haben Sie unsere Reithalle auf der linken Seite erreicht.<\/p>\n","protected":false},"excerpt":{"rendered":"<p>Anfahrt Gut Wittmoldt Am L\u00fctten Diek 2 24306 Wittmoldt aus Richtung L\u00fcbeck A1 Richtung Puttgarden Abfahrt Eutin \/ Haffkrug B76 Richtung Kiel ca 2 km nach Ortsende Pl\u00f6n links in Richtung Wittmoldt (NICHT Wittmoldt Siedlung) abbiegen und dem Stra\u00dfenverlauf folgen. Nach ca. 1km links in Richtung Gut Wittmoldt abbiegen. Nach ca. 500m haben Sie unsere &hellip; <a href=\"https:\/\/seeweg.info\/wordpress\/informationen-anfahrt\/\" class=\"more-link\"><span class=\"screen-reader-text\">Informationen \/ Anfahrt<\/span> weiterlesen<\/a><\/p>\n","protected":false},"author":1,"featured_media":0,"parent":0,"menu_order":64,"comment_status":"closed","ping_status":"closed","template":"","meta":{"_monsterinsights_skip_tracking":false,"_monsterinsights_sitenote_active":false,"_monsterinsights_sitenote_note":"","_monsterinsights_sitenote_category":0,"footnotes":""},"class_list":["post-19","page","type-page","status-publish","hentry"],"_links":{"self":[{"href":"https:\/\/seeweg.info\/wordpress\/wp-json\/wp\/v2\/pages\/19","targetHints":{"allow":["GET"]}}],"collection":[{"href":"https:\/\/seeweg.info\/wordpress\/wp-json\/wp\/v2\/pages"}],"about":[{"href":"https:\/\/seeweg.info\/wordpress\/wp-json\/wp\/v2\/types\/page"}],"author":[{"embeddable":true,"href":"https:\/\/seeweg.info\/wordpress\/wp-json\/wp\/v2\/users\/1"}],"replies":[{"embeddable":true,"href":"https:\/\/seeweg.info\/wordpress\/wp-json\/wp\/v2\/comments?post=19"}],"version-history":[{"count":23,"href":"https:\/\/seeweg.info\/wordpress\/wp-json\/wp\/v2\/pages\/19\/revisions"}],"predecessor-version":[{"id":1859,"href":"https:\/\/seeweg.info\/wordpress\/wp-json\/wp\/v2\/pages\/19\/revisions\/1859"}],"wp:attachment":[{"href":"https:\/\/seeweg.info\/wordpress\/wp-json\/wp\/v2\/media?parent=19"}],"curies":[{"name":"wp","href":"https:\/\/api.w.org\/{rel}","templated":true}]}}