{"id":1999,"date":"2017-07-28T16:27:13","date_gmt":"2017-07-28T14:27:13","guid":{"rendered":"http:\/\/seeweg.info\/wordpress\/?page_id=1999"},"modified":"2017-07-28T16:55:51","modified_gmt":"2017-07-28T14:55:51","slug":"ausstellung-herbst-2017","status":"publish","type":"page","link":"https:\/\/seeweg.info\/wordpress\/ausstellung-herbst-2017\/","title":{"rendered":"Ausstellung Herbst 2017"},"content":{"rendered":"<h1 style=\"text-align: center;\">Seeweg pr\u00e4sentiert<\/h1>\n<h1 style=\"text-align: center;\">die K\u00fcnsterin<\/h1>\n<h1 style=\"text-align: center;\">Erika Maria Riemer-Sartory<\/h1>\n<h1 style=\"text-align: center;\"><\/h1>\n<h1 style=\"text-align: center;\">Er\u00f6ffnung am 10. September 2017<\/h1>\n<p>&nbsp;<br \/>\n<img loading=\"lazy\" decoding=\"async\" src=\"https:\/\/seeweg.info\/wordpress\/wp-content\/uploads\/2017\/07\/EMR-S-1-600x280.jpg\" alt=\"\" width=\"600\" height=\"280\" class=\"alignnone size-medium wp-image-2018\" srcset=\"https:\/\/seeweg.info\/wordpress\/wp-content\/uploads\/2017\/07\/EMR-S-1-600x280.jpg 600w, https:\/\/seeweg.info\/wordpress\/wp-content\/uploads\/2017\/07\/EMR-S-1-180x84.jpg 180w, https:\/\/seeweg.info\/wordpress\/wp-content\/uploads\/2017\/07\/EMR-S-1-768x358.jpg 768w, https:\/\/seeweg.info\/wordpress\/wp-content\/uploads\/2017\/07\/EMR-S-1-1024x478.jpg 1024w, https:\/\/seeweg.info\/wordpress\/wp-content\/uploads\/2017\/07\/EMR-S-1-624x291.jpg 624w\" sizes=\"auto, (max-width: 600px) 100vw, 600px\" \/><\/p>\n","protected":false},"excerpt":{"rendered":"<p>Seeweg pr\u00e4sentiert die K\u00fcnsterin Erika Maria Riemer-Sartory Er\u00f6ffnung am 10. September 2017 &nbsp;<\/p>\n","protected":false},"author":2,"featured_media":0,"parent":0,"menu_order":27,"comment_status":"closed","ping_status":"closed","template":"","meta":{"_monsterinsights_skip_tracking":false,"_monsterinsights_sitenote_active":false,"_monsterinsights_sitenote_note":"","_monsterinsights_sitenote_category":0,"footnotes":""},"class_list":["post-1999","page","type-page","status-publish","hentry"],"_links":{"self":[{"href":"https:\/\/seeweg.info\/wordpress\/wp-json\/wp\/v2\/pages\/1999","targetHints":{"allow":["GET"]}}],"collection":[{"href":"https:\/\/seeweg.info\/wordpress\/wp-json\/wp\/v2\/pages"}],"about":[{"href":"https:\/\/seeweg.info\/wordpress\/wp-json\/wp\/v2\/types\/page"}],"author":[{"embeddable":true,"href":"https:\/\/seeweg.info\/wordpress\/wp-json\/wp\/v2\/users\/2"}],"replies":[{"embeddable":true,"href":"https:\/\/seeweg.info\/wordpress\/wp-json\/wp\/v2\/comments?post=1999"}],"version-history":[{"count":9,"href":"https:\/\/seeweg.info\/wordpress\/wp-json\/wp\/v2\/pages\/1999\/revisions"}],"predecessor-version":[{"id":2019,"href":"https:\/\/seeweg.info\/wordpress\/wp-json\/wp\/v2\/pages\/1999\/revisions\/2019"}],"wp:attachment":[{"href":"https:\/\/seeweg.info\/wordpress\/wp-json\/wp\/v2\/media?parent=1999"}],"curies":[{"name":"wp","href":"https:\/\/api.w.org\/{rel}","templated":true}]}}