{"id":2003,"date":"2017-07-28T16:30:51","date_gmt":"2017-07-28T14:30:51","guid":{"rendered":"http:\/\/seeweg.info\/wordpress\/?page_id=2003"},"modified":"2017-07-28T16:48:03","modified_gmt":"2017-07-28T14:48:03","slug":"alles-ist-farbe","status":"publish","type":"page","link":"https:\/\/seeweg.info\/wordpress\/ausstellung-herbst-2017\/alles-ist-farbe\/","title":{"rendered":"Alles ist Farbe"},"content":{"rendered":"<p>Mit einer Ausstellung im Gutshaus Wittmoldt<br \/>\ngeben wir einen Einblick in die Arbeit<br \/>\nder K\u00fcnstlerin Erika Maria Riemer-Sartory.<br \/>\nDie Einf\u00fchrung und das Gespr\u00e4ch mit der K\u00fcnstlerin wird<br \/>\ndie Kuratorin Angeline Schube-Focke gestalten.<\/p>\n<figure id=\"attachment_2009\" aria-describedby=\"caption-attachment-2009\" style=\"width: 600px\" class=\"wp-caption alignnone\"><img loading=\"lazy\" decoding=\"async\" src=\"https:\/\/seeweg.info\/wordpress\/wp-content\/uploads\/2017\/07\/DSC_0003-600x383.jpg\" alt=\"\" width=\"600\" height=\"383\" class=\"size-medium wp-image-2009\" srcset=\"https:\/\/seeweg.info\/wordpress\/wp-content\/uploads\/2017\/07\/DSC_0003-600x383.jpg 600w, https:\/\/seeweg.info\/wordpress\/wp-content\/uploads\/2017\/07\/DSC_0003-180x115.jpg 180w, https:\/\/seeweg.info\/wordpress\/wp-content\/uploads\/2017\/07\/DSC_0003-768x490.jpg 768w, https:\/\/seeweg.info\/wordpress\/wp-content\/uploads\/2017\/07\/DSC_0003-1024x653.jpg 1024w, https:\/\/seeweg.info\/wordpress\/wp-content\/uploads\/2017\/07\/DSC_0003-624x398.jpg 624w\" sizes=\"auto, (max-width: 600px) 100vw, 600px\" \/><figcaption id=\"caption-attachment-2009\" class=\"wp-caption-text\">Nr.399 &#8222;o.T.&#8220; 88x44cm Mischtechnik und Pigmente auf Leinen 2015<\/figcaption><\/figure>\n","protected":false},"excerpt":{"rendered":"<p>Mit einer Ausstellung im Gutshaus Wittmoldt geben wir einen Einblick in die Arbeit der K\u00fcnstlerin Erika Maria Riemer-Sartory. Die Einf\u00fchrung und das Gespr\u00e4ch mit der K\u00fcnstlerin wird die Kuratorin Angeline Schube-Focke gestalten.<\/p>\n","protected":false},"author":2,"featured_media":0,"parent":1999,"menu_order":29,"comment_status":"closed","ping_status":"closed","template":"","meta":{"_monsterinsights_skip_tracking":false,"_monsterinsights_sitenote_active":false,"_monsterinsights_sitenote_note":"","_monsterinsights_sitenote_category":0,"footnotes":""},"class_list":["post-2003","page","type-page","status-publish","hentry"],"_links":{"self":[{"href":"https:\/\/seeweg.info\/wordpress\/wp-json\/wp\/v2\/pages\/2003","targetHints":{"allow":["GET"]}}],"collection":[{"href":"https:\/\/seeweg.info\/wordpress\/wp-json\/wp\/v2\/pages"}],"about":[{"href":"https:\/\/seeweg.info\/wordpress\/wp-json\/wp\/v2\/types\/page"}],"author":[{"embeddable":true,"href":"https:\/\/seeweg.info\/wordpress\/wp-json\/wp\/v2\/users\/2"}],"replies":[{"embeddable":true,"href":"https:\/\/seeweg.info\/wordpress\/wp-json\/wp\/v2\/comments?post=2003"}],"version-history":[{"count":6,"href":"https:\/\/seeweg.info\/wordpress\/wp-json\/wp\/v2\/pages\/2003\/revisions"}],"predecessor-version":[{"id":2012,"href":"https:\/\/seeweg.info\/wordpress\/wp-json\/wp\/v2\/pages\/2003\/revisions\/2012"}],"up":[{"embeddable":true,"href":"https:\/\/seeweg.info\/wordpress\/wp-json\/wp\/v2\/pages\/1999"}],"wp:attachment":[{"href":"https:\/\/seeweg.info\/wordpress\/wp-json\/wp\/v2\/media?parent=2003"}],"curies":[{"name":"wp","href":"https:\/\/api.w.org\/{rel}","templated":true}]}}