{"id":2287,"date":"2018-03-14T16:06:05","date_gmt":"2018-03-14T14:06:05","guid":{"rendered":"http:\/\/seeweg.info\/wordpress\/?page_id=2287"},"modified":"2018-06-09T17:39:12","modified_gmt":"2018-06-09T15:39:12","slug":"ausstellung-sommer-2017","status":"publish","type":"page","link":"https:\/\/seeweg.info\/wordpress\/ausstellung-sommer-2017\/","title":{"rendered":"Ausstellung Sommer 2018"},"content":{"rendered":"<h1 style=\"text-align: center;\">Seeweg pr\u00e4sentiert<\/h1>\n<h1 style=\"text-align: center;\">die K\u00fcnsterin<\/h1>\n<h1 style=\"text-align: center;\">Tina Schwichtenberg<\/h1>\n<h1 style=\"text-align: center;\"><\/h1>\n<h1 style=\"text-align: center;\">&#8222;Artificium Flora&#8220;<\/h1>\n<h1 style=\"text-align: center;\"><\/h1>\n<h1 style=\"text-align: center;\">Er\u00f6ffnung am 27. Mai 2018<\/h1>\n<p><img loading=\"lazy\" decoding=\"async\" class=\"size-medium wp-image-2299 aligncenter\" src=\"https:\/\/seeweg.info\/wordpress\/wp-content\/uploads\/2018\/03\/A-3-600x431.jpg\" alt=\"\" width=\"600\" height=\"431\" srcset=\"https:\/\/seeweg.info\/wordpress\/wp-content\/uploads\/2018\/03\/A-3-600x431.jpg 600w, https:\/\/seeweg.info\/wordpress\/wp-content\/uploads\/2018\/03\/A-3-180x129.jpg 180w, https:\/\/seeweg.info\/wordpress\/wp-content\/uploads\/2018\/03\/A-3-768x552.jpg 768w, https:\/\/seeweg.info\/wordpress\/wp-content\/uploads\/2018\/03\/A-3-1024x736.jpg 1024w, https:\/\/seeweg.info\/wordpress\/wp-content\/uploads\/2018\/03\/A-3-624x448.jpg 624w\" sizes=\"auto, (max-width: 600px) 100vw, 600px\" \/><\/p>\n","protected":false},"excerpt":{"rendered":"<p>Seeweg pr\u00e4sentiert die K\u00fcnsterin Tina Schwichtenberg &#8222;Artificium Flora&#8220; Er\u00f6ffnung am 27. Mai 2018<\/p>\n","protected":false},"author":2,"featured_media":0,"parent":0,"menu_order":23,"comment_status":"closed","ping_status":"closed","template":"","meta":{"_monsterinsights_skip_tracking":false,"_monsterinsights_sitenote_active":false,"_monsterinsights_sitenote_note":"","_monsterinsights_sitenote_category":0,"footnotes":""},"class_list":["post-2287","page","type-page","status-publish","hentry"],"_links":{"self":[{"href":"https:\/\/seeweg.info\/wordpress\/wp-json\/wp\/v2\/pages\/2287","targetHints":{"allow":["GET"]}}],"collection":[{"href":"https:\/\/seeweg.info\/wordpress\/wp-json\/wp\/v2\/pages"}],"about":[{"href":"https:\/\/seeweg.info\/wordpress\/wp-json\/wp\/v2\/types\/page"}],"author":[{"embeddable":true,"href":"https:\/\/seeweg.info\/wordpress\/wp-json\/wp\/v2\/users\/2"}],"replies":[{"embeddable":true,"href":"https:\/\/seeweg.info\/wordpress\/wp-json\/wp\/v2\/comments?post=2287"}],"version-history":[{"count":6,"href":"https:\/\/seeweg.info\/wordpress\/wp-json\/wp\/v2\/pages\/2287\/revisions"}],"predecessor-version":[{"id":2387,"href":"https:\/\/seeweg.info\/wordpress\/wp-json\/wp\/v2\/pages\/2287\/revisions\/2387"}],"wp:attachment":[{"href":"https:\/\/seeweg.info\/wordpress\/wp-json\/wp\/v2\/media?parent=2287"}],"curies":[{"name":"wp","href":"https:\/\/api.w.org\/{rel}","templated":true}]}}