{"id":2352,"date":"2018-06-08T15:12:26","date_gmt":"2018-06-08T13:12:26","guid":{"rendered":"http:\/\/seeweg.info\/wordpress\/?page_id=2352"},"modified":"2018-06-18T19:26:41","modified_gmt":"2018-06-18T17:26:41","slug":"tina-schwichtenberg","status":"publish","type":"page","link":"https:\/\/seeweg.info\/wordpress\/ausstellung-sommer-2017\/tina-schwichtenberg\/","title":{"rendered":"Tina Schwichtenberg"},"content":{"rendered":"<p><a href=\"https:\/\/seeweg.info\/wordpress\/wp-content\/uploads\/2018\/06\/Kultur-Holsteinischer_Courier_-_08-06-2018_print.pdf\">Kultur &#8211; Holsteinischer_Courier_-_08-06-2018_print<\/a><img loading=\"lazy\" decoding=\"async\" class=\"alignnone wp-image-2354 size-thumbnail\" src=\"https:\/\/seeweg.info\/wordpress\/wp-content\/uploads\/2018\/06\/IMG_20180303_140546135_HDR-135x180.jpg\" alt=\"\" width=\"135\" height=\"180\" srcset=\"https:\/\/seeweg.info\/wordpress\/wp-content\/uploads\/2018\/06\/IMG_20180303_140546135_HDR-135x180.jpg 135w, https:\/\/seeweg.info\/wordpress\/wp-content\/uploads\/2018\/06\/IMG_20180303_140546135_HDR-450x600.jpg 450w, https:\/\/seeweg.info\/wordpress\/wp-content\/uploads\/2018\/06\/IMG_20180303_140546135_HDR-768x1024.jpg 768w, https:\/\/seeweg.info\/wordpress\/wp-content\/uploads\/2018\/06\/IMG_20180303_140546135_HDR-624x832.jpg 624w\" sizes=\"auto, (max-width: 135px) 100vw, 135px\" \/><\/p>\n<p>&nbsp;<\/p>\n<p><strong>Tina Schwichtenberg<\/strong><\/p>\n<p>1986-89 Studium Muthesius-Kunsthochschule Kiel. Lebt in Berlin und Kiel. Sie arbeitet als Bildhauerin und als Aktionsk\u00fcnstlerin. In vielen L\u00e4ndern hat sie dar\u00fcber hinaus mit Kunstinstallationen und Ausstellungen auf politische und gesellschaftliche Prozesse eingewirkt. Von der Klimakonferenz in Kyoto, bis hin zu Projekten in Indien, China, Amerika, in Deutschland und anderen europ\u00e4ischen L\u00e4ndern hat sie sich \u00f6ffentlich engagiert.<br \/>\nMit Aktionen zur B\u00fccherverbrennung der Nazis, dem Widerstand der Offiziere gegen Hitler, 100 Jahre Frauenwahlrecht in Europa, Installationen zur Millenniumserkl\u00e4rung (Armutsbek\u00e4mpfung der UN) im Bundeskanzleramt hat sie \u201eFlagge\u201c gezeigt.<\/p>\n<p>Mit ihrem Projekt \u201eMEHL-ART\u201c zum Jahrestag des Mauerfalls im Berliner Ausw\u00e4rtigen Amt(August 2009), sowie einer Installation im Bonner Frauenmuseum mit DDR-Winkelementen und abst\u00fcrzenden Symbolen erinnerte sie an dieses historische Ereignis. Im Polnischen Institut in Berlin ehrte sie den Ghettok\u00e4mpfer Marek Edelmann anl\u00e4sslich seines Todes im Jahre 2009 mit einer Textinstallation.<\/p>\n<p>Seit vielen Jahren ist sie bei der allj\u00e4hrlichen Kunstausstellung \u201eNORD-ART\u201c vertreten.<\/p>\n<p>Im M\u00e4rz und April\/Mai 2015 war sie beteiligt an einer Ausstellung der Region Valladolid und in Berlin zu Ehren Teresa von Avilas (1515). Einer katholischen Heiligen und fr\u00fchen Frauenrechtlerin.<\/p>\n<p>2016: Einzelausstellung und Beteiligung an einer Gruppenausstellung in der Hans-Kock-Stiftung, Kiel.<\/p>\n<p>2017 Ausstellung mit der EFAK im K\u00fcnstlerhaus in Wien, einer<\/p>\n<p>gro\u00dfen Ausstellung im Innen- und Au\u00dfenbereich im Skulpturenpark PAMPIN (Mecklenburg-Vorpommern), in der Jubil\u00e4umsausstellung in Bissee (Schleswig Holstein) und einer Ausstellung in der schleswig-holsteinischen Landesvertretung in Berlin.<\/p>\n<p>&nbsp;<\/p>\n<p>www.tina-schwichtenberg.de<\/p>\n<p>&nbsp;<\/p>\n<p>Kieler Nachrichten, 30.Mai 2018<\/p>\n<p><a href=\"https:\/\/seeweg.info\/wordpress\/wp-content\/uploads\/2018\/06\/KN-OZ-30.05.jpg\" target=\"_blank\" rel=\"noopener\" rel=\"lightbox[2352]\"><img loading=\"lazy\" decoding=\"async\" class=\"alignnone wp-image-2348 size-medium\" src=\"https:\/\/seeweg.info\/wordpress\/wp-content\/uploads\/2018\/06\/KN-OZ-30.05-510x600.jpg\" alt=\"\" width=\"510\" height=\"600\" srcset=\"https:\/\/seeweg.info\/wordpress\/wp-content\/uploads\/2018\/06\/KN-OZ-30.05-510x600.jpg 510w, https:\/\/seeweg.info\/wordpress\/wp-content\/uploads\/2018\/06\/KN-OZ-30.05-153x180.jpg 153w, https:\/\/seeweg.info\/wordpress\/wp-content\/uploads\/2018\/06\/KN-OZ-30.05-768x903.jpg 768w, https:\/\/seeweg.info\/wordpress\/wp-content\/uploads\/2018\/06\/KN-OZ-30.05-871x1024.jpg 871w, https:\/\/seeweg.info\/wordpress\/wp-content\/uploads\/2018\/06\/KN-OZ-30.05-624x734.jpg 624w\" sizes=\"auto, (max-width: 510px) 100vw, 510px\" \/><\/a><\/p>\n<p>Holsteiner Courier, 8. Juni 2018<\/p>\n<p><a href=\"https:\/\/seeweg.info\/wordpress\/wp-content\/uploads\/2018\/06\/Kultur-Holsteinischer_Courier_-_08-06-2018_print.jpg\" target=\"_blank\" rel=\"noopener\" rel=\"lightbox[2352]\"><img loading=\"lazy\" decoding=\"async\" class=\"wp-image-2394 alignnone\" src=\"https:\/\/seeweg.info\/wordpress\/wp-content\/uploads\/2018\/06\/Kultur-Holsteinischer_Courier_-_08-06-2018_print-600x392.jpg\" alt=\"\" width=\"511\" height=\"334\" srcset=\"https:\/\/seeweg.info\/wordpress\/wp-content\/uploads\/2018\/06\/Kultur-Holsteinischer_Courier_-_08-06-2018_print-600x392.jpg 600w, https:\/\/seeweg.info\/wordpress\/wp-content\/uploads\/2018\/06\/Kultur-Holsteinischer_Courier_-_08-06-2018_print-180x118.jpg 180w, https:\/\/seeweg.info\/wordpress\/wp-content\/uploads\/2018\/06\/Kultur-Holsteinischer_Courier_-_08-06-2018_print-768x502.jpg 768w, https:\/\/seeweg.info\/wordpress\/wp-content\/uploads\/2018\/06\/Kultur-Holsteinischer_Courier_-_08-06-2018_print-1024x669.jpg 1024w, https:\/\/seeweg.info\/wordpress\/wp-content\/uploads\/2018\/06\/Kultur-Holsteinischer_Courier_-_08-06-2018_print-624x408.jpg 624w\" sizes=\"auto, (max-width: 511px) 100vw, 511px\" \/><\/a><\/p>\n<p>L\u00fcbecker Nachrichten, 3. Juni 2018<a href=\"https:\/\/seeweg.info\/wordpress\/wp-content\/uploads\/2018\/06\/20180603-LN-HP-BSX-19-19.jpg\" target=\"_blank\" rel=\"noopener\" rel=\"lightbox[2352]\"><img loading=\"lazy\" decoding=\"async\" class=\"alignleft wp-image-2399\" src=\"https:\/\/seeweg.info\/wordpress\/wp-content\/uploads\/2018\/06\/20180603-LN-HP-BSX-19-19-1024x590.jpg\" alt=\"\" width=\"511\" height=\"295\" srcset=\"https:\/\/seeweg.info\/wordpress\/wp-content\/uploads\/2018\/06\/20180603-LN-HP-BSX-19-19-1024x590.jpg 1024w, https:\/\/seeweg.info\/wordpress\/wp-content\/uploads\/2018\/06\/20180603-LN-HP-BSX-19-19-180x104.jpg 180w, https:\/\/seeweg.info\/wordpress\/wp-content\/uploads\/2018\/06\/20180603-LN-HP-BSX-19-19-600x346.jpg 600w, https:\/\/seeweg.info\/wordpress\/wp-content\/uploads\/2018\/06\/20180603-LN-HP-BSX-19-19-768x442.jpg 768w, https:\/\/seeweg.info\/wordpress\/wp-content\/uploads\/2018\/06\/20180603-LN-HP-BSX-19-19-624x359.jpg 624w, https:\/\/seeweg.info\/wordpress\/wp-content\/uploads\/2018\/06\/20180603-LN-HP-BSX-19-19.jpg 1953w\" sizes=\"auto, (max-width: 511px) 100vw, 511px\" \/><\/a><\/p>\n","protected":false},"excerpt":{"rendered":"<p>Kultur &#8211; Holsteinischer_Courier_-_08-06-2018_print &nbsp; Tina Schwichtenberg 1986-89 Studium Muthesius-Kunsthochschule Kiel. Lebt in Berlin und Kiel. Sie arbeitet als Bildhauerin und als Aktionsk\u00fcnstlerin. In vielen L\u00e4ndern hat sie dar\u00fcber hinaus mit Kunstinstallationen und Ausstellungen auf politische und gesellschaftliche Prozesse eingewirkt. Von der Klimakonferenz in Kyoto, bis hin zu Projekten in Indien, China, Amerika, in Deutschland und &hellip; <a href=\"https:\/\/seeweg.info\/wordpress\/ausstellung-sommer-2017\/tina-schwichtenberg\/\" class=\"more-link\"><span class=\"screen-reader-text\">Tina Schwichtenberg<\/span> weiterlesen<\/a><\/p>\n","protected":false},"author":2,"featured_media":0,"parent":2287,"menu_order":25,"comment_status":"closed","ping_status":"closed","template":"","meta":{"_monsterinsights_skip_tracking":false,"_monsterinsights_sitenote_active":false,"_monsterinsights_sitenote_note":"","_monsterinsights_sitenote_category":0,"footnotes":""},"class_list":["post-2352","page","type-page","status-publish","hentry"],"_links":{"self":[{"href":"https:\/\/seeweg.info\/wordpress\/wp-json\/wp\/v2\/pages\/2352","targetHints":{"allow":["GET"]}}],"collection":[{"href":"https:\/\/seeweg.info\/wordpress\/wp-json\/wp\/v2\/pages"}],"about":[{"href":"https:\/\/seeweg.info\/wordpress\/wp-json\/wp\/v2\/types\/page"}],"author":[{"embeddable":true,"href":"https:\/\/seeweg.info\/wordpress\/wp-json\/wp\/v2\/users\/2"}],"replies":[{"embeddable":true,"href":"https:\/\/seeweg.info\/wordpress\/wp-json\/wp\/v2\/comments?post=2352"}],"version-history":[{"count":15,"href":"https:\/\/seeweg.info\/wordpress\/wp-json\/wp\/v2\/pages\/2352\/revisions"}],"predecessor-version":[{"id":2403,"href":"https:\/\/seeweg.info\/wordpress\/wp-json\/wp\/v2\/pages\/2352\/revisions\/2403"}],"up":[{"embeddable":true,"href":"https:\/\/seeweg.info\/wordpress\/wp-json\/wp\/v2\/pages\/2287"}],"wp:attachment":[{"href":"https:\/\/seeweg.info\/wordpress\/wp-json\/wp\/v2\/media?parent=2352"}],"curies":[{"name":"wp","href":"https:\/\/api.w.org\/{rel}","templated":true}]}}