{"id":2366,"date":"2018-06-08T20:58:48","date_gmt":"2018-06-08T18:58:48","guid":{"rendered":"http:\/\/seeweg.info\/wordpress\/?page_id=2366"},"modified":"2018-06-09T17:38:33","modified_gmt":"2018-06-09T15:38:33","slug":"arteficium-flora","status":"publish","type":"page","link":"https:\/\/seeweg.info\/wordpress\/ausstellung-sommer-2017\/arteficium-flora\/","title":{"rendered":"ARTIFICIUM FLORA"},"content":{"rendered":"<p><img loading=\"lazy\" decoding=\"async\" src=\"https:\/\/seeweg.info\/wordpress\/wp-content\/uploads\/2018\/03\/Arteficium-Flora-600x450.jpg\" alt=\"\" width=\"600\" height=\"450\" class=\"alignnone size-medium wp-image-2305\" srcset=\"https:\/\/seeweg.info\/wordpress\/wp-content\/uploads\/2018\/03\/Arteficium-Flora-600x450.jpg 600w, https:\/\/seeweg.info\/wordpress\/wp-content\/uploads\/2018\/03\/Arteficium-Flora-180x135.jpg 180w, https:\/\/seeweg.info\/wordpress\/wp-content\/uploads\/2018\/03\/Arteficium-Flora-768x576.jpg 768w, https:\/\/seeweg.info\/wordpress\/wp-content\/uploads\/2018\/03\/Arteficium-Flora-1024x768.jpg 1024w, https:\/\/seeweg.info\/wordpress\/wp-content\/uploads\/2018\/03\/Arteficium-Flora-624x468.jpg 624w\" sizes=\"auto, (max-width: 600px) 100vw, 600px\" \/><\/p>\n<p>\u201eARTIFICIUM FLORA\u201c<\/p>\n<p>Mit einer Ausstellung im Gutshaus Wittmoldt geben wir einen<br \/>\nEinblick in die reichhaltige Arbeitsweise Tina Schwichtenbergs.<br \/>\nAuf dem \u201eSeeweg\u201c verwirklicht die K\u00fcnstlerin ihr Konzept &#8222;Artificium Flora&#8220;.<\/p>\n<p>Die Einf\u00fchrung und ein Gespr\u00e4ch mit Tina Schwichtenberg gestaltete<br \/>\nBernhard G. Lehmann. Es spielte die Pianistin Nino Kotrikadze<\/p>\n<p>\u00d6ffnungszeiten:<br \/>\nnach telefonischer Absprache oder Sonntags 10.6.\/ 8.7. \/ 29.7. \/ 26.8. jeweils 15 &#8211; 18 Uhr<\/p>\n","protected":false},"excerpt":{"rendered":"<p>\u201eARTIFICIUM FLORA\u201c Mit einer Ausstellung im Gutshaus Wittmoldt geben wir einen Einblick in die reichhaltige Arbeitsweise Tina Schwichtenbergs. Auf dem \u201eSeeweg\u201c verwirklicht die K\u00fcnstlerin ihr Konzept &#8222;Artificium Flora&#8220;. Die Einf\u00fchrung und ein Gespr\u00e4ch mit Tina Schwichtenberg gestaltete Bernhard G. Lehmann. Es spielte die Pianistin Nino Kotrikadze \u00d6ffnungszeiten: nach telefonischer Absprache oder Sonntags 10.6.\/ 8.7. \/ &hellip; <a href=\"https:\/\/seeweg.info\/wordpress\/ausstellung-sommer-2017\/arteficium-flora\/\" class=\"more-link\"><span class=\"screen-reader-text\">ARTIFICIUM FLORA<\/span> weiterlesen<\/a><\/p>\n","protected":false},"author":2,"featured_media":0,"parent":2287,"menu_order":24,"comment_status":"closed","ping_status":"closed","template":"","meta":{"_monsterinsights_skip_tracking":false,"_monsterinsights_sitenote_active":false,"_monsterinsights_sitenote_note":"","_monsterinsights_sitenote_category":0,"footnotes":""},"class_list":["post-2366","page","type-page","status-publish","hentry"],"_links":{"self":[{"href":"https:\/\/seeweg.info\/wordpress\/wp-json\/wp\/v2\/pages\/2366","targetHints":{"allow":["GET"]}}],"collection":[{"href":"https:\/\/seeweg.info\/wordpress\/wp-json\/wp\/v2\/pages"}],"about":[{"href":"https:\/\/seeweg.info\/wordpress\/wp-json\/wp\/v2\/types\/page"}],"author":[{"embeddable":true,"href":"https:\/\/seeweg.info\/wordpress\/wp-json\/wp\/v2\/users\/2"}],"replies":[{"embeddable":true,"href":"https:\/\/seeweg.info\/wordpress\/wp-json\/wp\/v2\/comments?post=2366"}],"version-history":[{"count":5,"href":"https:\/\/seeweg.info\/wordpress\/wp-json\/wp\/v2\/pages\/2366\/revisions"}],"predecessor-version":[{"id":2386,"href":"https:\/\/seeweg.info\/wordpress\/wp-json\/wp\/v2\/pages\/2366\/revisions\/2386"}],"up":[{"embeddable":true,"href":"https:\/\/seeweg.info\/wordpress\/wp-json\/wp\/v2\/pages\/2287"}],"wp:attachment":[{"href":"https:\/\/seeweg.info\/wordpress\/wp-json\/wp\/v2\/media?parent=2366"}],"curies":[{"name":"wp","href":"https:\/\/api.w.org\/{rel}","templated":true}]}}