{"id":2415,"date":"2018-08-22T15:44:11","date_gmt":"2018-08-22T13:44:11","guid":{"rendered":"http:\/\/seeweg.info\/wordpress\/?page_id=2415"},"modified":"2018-09-24T21:51:21","modified_gmt":"2018-09-24T19:51:21","slug":"franziska-ostermann","status":"publish","type":"page","link":"https:\/\/seeweg.info\/wordpress\/ausstellung-herbst-2018\/franziska-ostermann\/","title":{"rendered":"Franziska Ostermann"},"content":{"rendered":"<p><a href=\"https:\/\/seeweg.info\/wordpress\/wp-content\/uploads\/2018\/08\/Seeweg_Ostermann_Klappflyer_1.jpg\" target=\"_blank\" rel=\"noopener\" rel=\"lightbox[2415]\"><img loading=\"lazy\" decoding=\"async\" class=\"aligncenter wp-image-2417 size-large\" src=\"https:\/\/seeweg.info\/wordpress\/wp-content\/uploads\/2018\/08\/Seeweg_Ostermann_Klappflyer_1-1024x711.jpg\" alt=\"\" width=\"625\" height=\"434\" srcset=\"https:\/\/seeweg.info\/wordpress\/wp-content\/uploads\/2018\/08\/Seeweg_Ostermann_Klappflyer_1-1024x711.jpg 1024w, https:\/\/seeweg.info\/wordpress\/wp-content\/uploads\/2018\/08\/Seeweg_Ostermann_Klappflyer_1-180x125.jpg 180w, https:\/\/seeweg.info\/wordpress\/wp-content\/uploads\/2018\/08\/Seeweg_Ostermann_Klappflyer_1-600x417.jpg 600w, https:\/\/seeweg.info\/wordpress\/wp-content\/uploads\/2018\/08\/Seeweg_Ostermann_Klappflyer_1-768x534.jpg 768w, https:\/\/seeweg.info\/wordpress\/wp-content\/uploads\/2018\/08\/Seeweg_Ostermann_Klappflyer_1-624x434.jpg 624w\" sizes=\"auto, (max-width: 625px) 100vw, 625px\" \/><\/a><\/p>\n<p><a href=\"https:\/\/seeweg.info\/wordpress\/wp-content\/uploads\/2018\/08\/Seeweg_Ostermann_Klappflyer_2.jpg\" target=\"_blank\" rel=\"noopener\" rel=\"lightbox[2415]\"><img loading=\"lazy\" decoding=\"async\" class=\"aligncenter wp-image-2418 size-large\" src=\"https:\/\/seeweg.info\/wordpress\/wp-content\/uploads\/2018\/08\/Seeweg_Ostermann_Klappflyer_2-1024x715.jpg\" alt=\"\" width=\"625\" height=\"436\" srcset=\"https:\/\/seeweg.info\/wordpress\/wp-content\/uploads\/2018\/08\/Seeweg_Ostermann_Klappflyer_2-1024x715.jpg 1024w, https:\/\/seeweg.info\/wordpress\/wp-content\/uploads\/2018\/08\/Seeweg_Ostermann_Klappflyer_2-180x126.jpg 180w, https:\/\/seeweg.info\/wordpress\/wp-content\/uploads\/2018\/08\/Seeweg_Ostermann_Klappflyer_2-600x419.jpg 600w, https:\/\/seeweg.info\/wordpress\/wp-content\/uploads\/2018\/08\/Seeweg_Ostermann_Klappflyer_2-768x536.jpg 768w, https:\/\/seeweg.info\/wordpress\/wp-content\/uploads\/2018\/08\/Seeweg_Ostermann_Klappflyer_2-624x435.jpg 624w\" sizes=\"auto, (max-width: 625px) 100vw, 625px\" \/><\/a><\/p>\n<p><a href=\"https:\/\/seeweg.info\/wordpress\/wp-content\/uploads\/2018\/09\/20180901_LN_GES_VP_05.1.jpg\" target=\"_blank\" rel=\"noopener\" rel=\"lightbox[2415]\"><img loading=\"lazy\" decoding=\"async\" class=\"alignleft wp-image-2441 size-medium\" src=\"https:\/\/seeweg.info\/wordpress\/wp-content\/uploads\/2018\/09\/20180901_LN_GES_VP_05.1-165x600.jpg\" alt=\"\" width=\"165\" height=\"600\" srcset=\"https:\/\/seeweg.info\/wordpress\/wp-content\/uploads\/2018\/09\/20180901_LN_GES_VP_05.1-165x600.jpg 165w, https:\/\/seeweg.info\/wordpress\/wp-content\/uploads\/2018\/09\/20180901_LN_GES_VP_05.1-281x1024.jpg 281w\" sizes=\"auto, (max-width: 165px) 100vw, 165px\" \/><\/a><\/p>\n<p style=\"text-align: left;\">Junge K\u00fcnstler auf Gut Wittmoldt<\/p>\n<p style=\"text-align: left;\">Eine neue Konzeptreihe beginnt am Sonntag, 2. September, im Seeweg auf Gut Wittmoldt. \u201eBild Wort Zeit Raum\u201c hei\u00dft die Ausstellung mit begleitendem Programm und Material, in der junge K\u00fcnstler gef\u00f6rdert werden sollen. Franziska Ostermann zeigt unter anderem Teile ihrer Masterarbeit f\u00fcr die Muthesius-Kunsthochschule in Kiel. Die Er\u00f6ffnung findet um 13 Uhr statt. Die Konzeptreihe ist bis zum 11. November zu sehen.<\/p>\n<p style=\"text-align: left;\">[aus: <a href=\"http:\/\/www.kn-online.de\/Veranstaltungen-Kiel\/Blick-in-den-Tag\/Blick-in-den-2.09.2018-das-passiert-in-Schleswig-Holstein\" target=\"_blank\" rel=\"noopener\">Kieler Nachrichen vom 2.9.2018<\/a>]<\/p>\n<p>&nbsp;<\/p>\n<p><a href=\"https:\/\/seeweg.info\/wordpress\/wp-content\/uploads\/2018\/09\/Kultur-Holsteinischer_Courier_-_21-09-2018_print.jpg\" target=\"_blank\" rel=\"noopener\" rel=\"lightbox[2415]\"><img loading=\"lazy\" decoding=\"async\" class=\"alignnone wp-image-2461\" src=\"https:\/\/seeweg.info\/wordpress\/wp-content\/uploads\/2018\/09\/Kultur-Holsteinischer_Courier_-_21-09-2018_print-121x180.jpg\" alt=\"\" width=\"242\" height=\"361\" srcset=\"https:\/\/seeweg.info\/wordpress\/wp-content\/uploads\/2018\/09\/Kultur-Holsteinischer_Courier_-_21-09-2018_print-121x180.jpg 121w, https:\/\/seeweg.info\/wordpress\/wp-content\/uploads\/2018\/09\/Kultur-Holsteinischer_Courier_-_21-09-2018_print-402x600.jpg 402w, https:\/\/seeweg.info\/wordpress\/wp-content\/uploads\/2018\/09\/Kultur-Holsteinischer_Courier_-_21-09-2018_print-768x1145.jpg 768w, https:\/\/seeweg.info\/wordpress\/wp-content\/uploads\/2018\/09\/Kultur-Holsteinischer_Courier_-_21-09-2018_print-687x1024.jpg 687w, https:\/\/seeweg.info\/wordpress\/wp-content\/uploads\/2018\/09\/Kultur-Holsteinischer_Courier_-_21-09-2018_print-624x930.jpg 624w, https:\/\/seeweg.info\/wordpress\/wp-content\/uploads\/2018\/09\/Kultur-Holsteinischer_Courier_-_21-09-2018_print.jpg 845w\" sizes=\"auto, (max-width: 242px) 100vw, 242px\" \/><\/a><\/p>\n","protected":false},"excerpt":{"rendered":"<p>Junge K\u00fcnstler auf Gut Wittmoldt Eine neue Konzeptreihe beginnt am Sonntag, 2. September, im Seeweg auf Gut Wittmoldt. \u201eBild Wort Zeit Raum\u201c hei\u00dft die Ausstellung mit begleitendem Programm und Material, in der junge K\u00fcnstler gef\u00f6rdert werden sollen. Franziska Ostermann zeigt unter anderem Teile ihrer Masterarbeit f\u00fcr die Muthesius-Kunsthochschule in Kiel. Die Er\u00f6ffnung findet um 13 &hellip; <a href=\"https:\/\/seeweg.info\/wordpress\/ausstellung-herbst-2018\/franziska-ostermann\/\" class=\"more-link\"><span class=\"screen-reader-text\">Franziska Ostermann<\/span> weiterlesen<\/a><\/p>\n","protected":false},"author":2,"featured_media":0,"parent":2285,"menu_order":21,"comment_status":"closed","ping_status":"closed","template":"","meta":{"_monsterinsights_skip_tracking":false,"_monsterinsights_sitenote_active":false,"_monsterinsights_sitenote_note":"","_monsterinsights_sitenote_category":0,"footnotes":""},"class_list":["post-2415","page","type-page","status-publish","hentry"],"_links":{"self":[{"href":"https:\/\/seeweg.info\/wordpress\/wp-json\/wp\/v2\/pages\/2415","targetHints":{"allow":["GET"]}}],"collection":[{"href":"https:\/\/seeweg.info\/wordpress\/wp-json\/wp\/v2\/pages"}],"about":[{"href":"https:\/\/seeweg.info\/wordpress\/wp-json\/wp\/v2\/types\/page"}],"author":[{"embeddable":true,"href":"https:\/\/seeweg.info\/wordpress\/wp-json\/wp\/v2\/users\/2"}],"replies":[{"embeddable":true,"href":"https:\/\/seeweg.info\/wordpress\/wp-json\/wp\/v2\/comments?post=2415"}],"version-history":[{"count":14,"href":"https:\/\/seeweg.info\/wordpress\/wp-json\/wp\/v2\/pages\/2415\/revisions"}],"predecessor-version":[{"id":2463,"href":"https:\/\/seeweg.info\/wordpress\/wp-json\/wp\/v2\/pages\/2415\/revisions\/2463"}],"up":[{"embeddable":true,"href":"https:\/\/seeweg.info\/wordpress\/wp-json\/wp\/v2\/pages\/2285"}],"wp:attachment":[{"href":"https:\/\/seeweg.info\/wordpress\/wp-json\/wp\/v2\/media?parent=2415"}],"curies":[{"name":"wp","href":"https:\/\/api.w.org\/{rel}","templated":true}]}}