{"id":264,"date":"2013-05-17T19:13:14","date_gmt":"2013-05-17T17:13:14","guid":{"rendered":"http:\/\/seeweg.info\/wordpress\/?page_id=264"},"modified":"2015-12-18T20:08:58","modified_gmt":"2015-12-18T18:08:58","slug":"francois-maher-presley","status":"publish","type":"page","link":"https:\/\/seeweg.info\/wordpress\/aktuelle-ausstellung\/bernhard-g-lehmann\/texte\/francois-maher-presley\/","title":{"rendered":"Fran\u00e7ois Maher Presley"},"content":{"rendered":"<p><b>Dr. h.c. Bernhard G. Lehmann<\/b><\/p>\n<p>Die Arbeiten des schleswig-holsteinischen K\u00fcnstlers Bernhard G. Lehmann (Stahlskulpturen, Aquatinta, Copycollagen), die stark an das Gedankengut des Altmeisters der Informellen Kunst Antoni T\u00e1pies angelehnt sind, kennzeichnen sich durch Grundordnung, gewolltes Chaos und R\u00fcckkehr zur Ordnung. Ber\u00fchrt man die Skulpturen, klingen sie, erkennt man die gewollte Unordnung und das damit sanfte Zur\u00fcckkehren zur Ordnung.<\/p>\n<p>Die als Copycollagen entstandenen Arbeiten des K\u00fcnstlers stammen entweder aus den fr\u00fcheren Tagen seines Schaffens bzw. sind als Auftragsarbeit in einer Serie mit dem Titel \u00bbMallorca &#8211; Wirklichkeit oder Traum\u00ab entstanden. Copycollagen entstehen mit Farbe und Fotokopiertechnik auf Folien, die durch eine Presse getrieben und anschlie\u00dfend vor wei\u00dfem Grund \u00fcbereinander gelegt werden und somit die sie auszeichnenden Tiefen und den Farbenglanz erzielen.<\/p>\n<p>In den letzten Jahren besch\u00e4ftigt sich Lehmann mit der Technik der Aquatinta. Ebenso wie bei seinem Vorbild verzichtet er auf die \u00fcbliche Randpr\u00e4gung, sondern nutzt das gesamte Blatt zur Darstellung. Diese Arbeiten des K\u00fcnstlers bestechen zumeist durch ihre Schlichtheit, durch die klaren Linien, durch hervorragende Graphik und die k\u00fcnstlerische und technische Umsetzung, Ausdruck durch Schwarz, selten Rot &#8211; und Weglassen, Tiefen durch Pr\u00e4gung. In das Objekt miteinbezogen wird die Materialit\u00e4t des Papiers; alles scheint darauf auseinander zu driften, wird durch das Format jedoch gehalten, ein gewolltes Chaos, eine Grundordnung, ein Dahin-zur\u00fcck-finden. Lehmann vertrat das Bundesland Schleswig-Holstein bei einer repr\u00e4sentativen Ausstellung in Tokio, ist im Landesmuseum Schloss Gottorf vertreten und wurde mit Arbeiten in die Sammlung der Sparkassen-Stiftung desselben Bundeslandes aufgenommen. Der K\u00fcnstler wird auf allen wichtigen Messen vertreten.<\/p>\n<p>Fran\u00e7ois Maher Presley<\/p>\n<p>&nbsp;<\/p>\n","protected":false},"excerpt":{"rendered":"<p>Dr. h.c. Bernhard G. Lehmann Die Arbeiten des schleswig-holsteinischen K\u00fcnstlers Bernhard G. Lehmann (Stahlskulpturen, Aquatinta, Copycollagen), die stark an das Gedankengut des Altmeisters der Informellen Kunst Antoni T\u00e1pies angelehnt sind, kennzeichnen sich durch Grundordnung, gewolltes Chaos und R\u00fcckkehr zur Ordnung. Ber\u00fchrt man die Skulpturen, klingen sie, erkennt man die gewollte Unordnung und das damit sanfte &hellip; <a href=\"https:\/\/seeweg.info\/wordpress\/aktuelle-ausstellung\/bernhard-g-lehmann\/texte\/francois-maher-presley\/\" class=\"more-link\"><span class=\"screen-reader-text\">Fran\u00e7ois Maher Presley<\/span> weiterlesen<\/a><\/p>\n","protected":false},"author":4,"featured_media":0,"parent":27,"menu_order":11,"comment_status":"closed","ping_status":"closed","template":"","meta":{"_monsterinsights_skip_tracking":false,"_monsterinsights_sitenote_active":false,"_monsterinsights_sitenote_note":"","_monsterinsights_sitenote_category":0,"footnotes":""},"class_list":["post-264","page","type-page","status-publish","hentry"],"_links":{"self":[{"href":"https:\/\/seeweg.info\/wordpress\/wp-json\/wp\/v2\/pages\/264","targetHints":{"allow":["GET"]}}],"collection":[{"href":"https:\/\/seeweg.info\/wordpress\/wp-json\/wp\/v2\/pages"}],"about":[{"href":"https:\/\/seeweg.info\/wordpress\/wp-json\/wp\/v2\/types\/page"}],"author":[{"embeddable":true,"href":"https:\/\/seeweg.info\/wordpress\/wp-json\/wp\/v2\/users\/4"}],"replies":[{"embeddable":true,"href":"https:\/\/seeweg.info\/wordpress\/wp-json\/wp\/v2\/comments?post=264"}],"version-history":[{"count":7,"href":"https:\/\/seeweg.info\/wordpress\/wp-json\/wp\/v2\/pages\/264\/revisions"}],"predecessor-version":[{"id":1484,"href":"https:\/\/seeweg.info\/wordpress\/wp-json\/wp\/v2\/pages\/264\/revisions\/1484"}],"up":[{"embeddable":true,"href":"https:\/\/seeweg.info\/wordpress\/wp-json\/wp\/v2\/pages\/27"}],"wp:attachment":[{"href":"https:\/\/seeweg.info\/wordpress\/wp-json\/wp\/v2\/media?parent=264"}],"curies":[{"name":"wp","href":"https:\/\/api.w.org\/{rel}","templated":true}]}}