{"id":2662,"date":"2019-03-20T20:06:40","date_gmt":"2019-03-20T18:06:40","guid":{"rendered":"http:\/\/seeweg.info\/wordpress\/?page_id=2662"},"modified":"2019-03-22T19:38:59","modified_gmt":"2019-03-22T17:38:59","slug":"impressum-2","status":"publish","type":"page","link":"https:\/\/seeweg.info\/wordpress\/impressum-2\/","title":{"rendered":"Impressum"},"content":{"rendered":"\n<figure class=\"wp-block-image is-resized\"><img loading=\"lazy\" decoding=\"async\" src=\"https:\/\/seeweg.info\/wordpress\/wp-content\/uploads\/2019\/03\/logo_mit_info.png\" alt=\"\" class=\"wp-image-2745\" width=\"247\" height=\"116\" srcset=\"https:\/\/seeweg.info\/wordpress\/wp-content\/uploads\/2019\/03\/logo_mit_info.png 256w, https:\/\/seeweg.info\/wordpress\/wp-content\/uploads\/2019\/03\/logo_mit_info-180x84.png 180w\" sizes=\"auto, (max-width: 247px) 100vw, 247px\" \/><\/figure>\n\n\n\n<h0>(gemeinn\u00fctzig)<\/h0><br>\n<br>\n\nVertreten durch: <br>\nDr. Wilfried Hauke, Am\u00e9lie von B\u00fclow-Sartory, <br>\nHorst Jungmann, Angeline Schube-Focke\n<br>\n<br>\nKontakt<br>\nE-Mail:     kontakt@seeweg.info <br>\nInternet:   www.seeweg.info  <br>\n<br>\nAnschrift<br>\nSeeweg Gut Wittmoldt e.V.<br>\nHof 1<br>\n24306 Wittmoldt<br>\n<br>\nPresseanfragen<br>\nDr. Wilfried Hauke, Am\u00e9lie von B\u00fclow-Sartory<br>\nE-Mail: kontakt@seeweg.info  <br>\n<br>\nSpenden<br>\nIBAN: DE02 2105 0170 1003 3710 34<br>\nBIC: NOLADE21KIE<br>\nBank: F\u00f6rde Sparkasse Kiel<br>\nVerwendungszweck: Spende<br>\n<br>\nRegistereintrag<br>\nRegistergericht: Amtsgericht Kiel <br>\nRegisternummer: 503AR166\/18KI<br>\n<br>\nSteuernummer: 20 293 8128 3 Finanzamt Kiel<br>\n<br>\nDisclaimer<br>\nHaftungshinweis: Trotz sorgf\u00e4ltiger inhaltlicher Kontrolle \u00fcbernehmen wir keine Haftung f\u00fcr die Inhalte externer Links. F\u00fcr den Inhalt der verlinkten Seiten sind ausschlie\u00dflich deren Betreiber verantwortlich.<br>\n<br>\nPflichtangaben zum E-Mail-Verkehr<br>\nDiese Information ist ausschlie\u00dflich f\u00fcr den Adressaten bestimmt und kann vertraulich oder gesetzlich gesch\u00fctzte Informationen beinhalten. Wenn Sie nicht der bestimmungsgem\u00e4\u00dfe Adressat sind, unterrichten Sie bitte den Absender und vernichten Sie diese E-Mail. Anderen als dem bestimmungsgem\u00e4\u00dfen Adressaten ist es untersagt, diese E-Mail zu lesen, zu speichern, weiterzuleiten oder ihren Inhalt auf welche Weise auch immer zu verwenden. Wir verwenden aktuelle Virenschutzprogramme. F\u00fcr Sch\u00e4den, die dem Empf\u00e4nger gleichwohl durch von uns zugesandte mit Viren befallene E-Mails entstehen, schlie\u00dfen wir jede Haftung aus. <br>\n","protected":false},"excerpt":{"rendered":"<p>(gemeinn\u00fctzig) Vertreten durch: Dr. Wilfried Hauke, Am\u00e9lie von B\u00fclow-Sartory, Horst Jungmann, Angeline Schube-Focke Kontakt E-Mail: kontakt@seeweg.info Internet: www.seeweg.info Anschrift Seeweg Gut Wittmoldt e.V. Hof 1 24306 Wittmoldt Presseanfragen Dr. Wilfried Hauke, Am\u00e9lie von B\u00fclow-Sartory E-Mail: kontakt@seeweg.info Spenden IBAN: DE02 2105 0170 1003 3710 34 BIC: NOLADE21KIE Bank: F\u00f6rde Sparkasse Kiel Verwendungszweck: Spende Registereintrag Registergericht: Amtsgericht &hellip; <a href=\"https:\/\/seeweg.info\/wordpress\/impressum-2\/\" class=\"more-link\"><span class=\"screen-reader-text\">Impressum<\/span> weiterlesen<\/a><\/p>\n","protected":false},"author":2,"featured_media":0,"parent":0,"menu_order":68,"comment_status":"closed","ping_status":"closed","template":"","meta":{"_monsterinsights_skip_tracking":false,"_monsterinsights_sitenote_active":false,"_monsterinsights_sitenote_note":"","_monsterinsights_sitenote_category":0,"footnotes":""},"class_list":["post-2662","page","type-page","status-publish","hentry"],"_links":{"self":[{"href":"https:\/\/seeweg.info\/wordpress\/wp-json\/wp\/v2\/pages\/2662","targetHints":{"allow":["GET"]}}],"collection":[{"href":"https:\/\/seeweg.info\/wordpress\/wp-json\/wp\/v2\/pages"}],"about":[{"href":"https:\/\/seeweg.info\/wordpress\/wp-json\/wp\/v2\/types\/page"}],"author":[{"embeddable":true,"href":"https:\/\/seeweg.info\/wordpress\/wp-json\/wp\/v2\/users\/2"}],"replies":[{"embeddable":true,"href":"https:\/\/seeweg.info\/wordpress\/wp-json\/wp\/v2\/comments?post=2662"}],"version-history":[{"count":9,"href":"https:\/\/seeweg.info\/wordpress\/wp-json\/wp\/v2\/pages\/2662\/revisions"}],"predecessor-version":[{"id":2751,"href":"https:\/\/seeweg.info\/wordpress\/wp-json\/wp\/v2\/pages\/2662\/revisions\/2751"}],"wp:attachment":[{"href":"https:\/\/seeweg.info\/wordpress\/wp-json\/wp\/v2\/media?parent=2662"}],"curies":[{"name":"wp","href":"https:\/\/api.w.org\/{rel}","templated":true}]}}