{"id":2695,"date":"2019-03-20T20:37:50","date_gmt":"2019-03-20T18:37:50","guid":{"rendered":"http:\/\/seeweg.info\/wordpress\/?page_id=2695"},"modified":"2019-06-10T23:16:25","modified_gmt":"2019-06-10T21:16:25","slug":"letter-to-my-friends","status":"publish","type":"page","link":"https:\/\/seeweg.info\/wordpress\/ausstellung-sommer-2019\/letter-to-my-friends\/","title":{"rendered":"\u201eLetter To My Friends\u201c Bernhard G. Lehmann"},"content":{"rendered":"\n<h1 style=\"text-align: center;\">Seeweg Gut Wittmoldt e.V.<\/h1>\n<h3 style=\"text-align: center;\">pr\u00e4sentiert<\/h3>\n<h3 style=\"text-align: center;\">&nbsp;<\/h3>\n<h1 style=\"text-align: center;\">Bernhard G. Lehmann<\/h1>\n<h3 style=\"text-align: center;\">&nbsp;<\/h3>\n<h1 style=\"text-align: center;\">&#8222;Letter To My Friends&#8220;<\/h1>\n<h3 style=\"text-align: center;\">&nbsp;<\/h3>\n<h3 style=\"text-align: center;\">Mit den G\u00e4sten:<\/h3>\n<h1 style=\"text-align: center;\">&nbsp;<\/h1>\n<h1 style=\"text-align: center;\">Liang Xuefang<\/h1>\n<h1 style=\"text-align: center;\">Lin Lecheng<\/h1>\n<h1 style=\"text-align: center;\">Josep Vallribera<\/h1>\n<h1 style=\"text-align: center;\">Sabine Linse<\/h1>\n<h1 style=\"text-align: center;\">Peter Rathmann<\/h1>\n<h1 style=\"text-align: center;\">Holger R\u00fcdel<\/h1>\n<h1 style=\"text-align: center;\">&nbsp;<\/h1>\n<h1 style=\"text-align: center;\">26. Mai bis 25. August 2019<\/h1>\n<br>\n\n\n\n<figure class=\"wp-block-image\"><img loading=\"lazy\" decoding=\"async\" width=\"743\" height=\"1024\" src=\"https:\/\/seeweg.info\/wordpress\/wp-content\/uploads\/2019\/03\/Letter2myfriends-743x1024.jpg\" alt=\"\" class=\"wp-image-2673\" srcset=\"https:\/\/seeweg.info\/wordpress\/wp-content\/uploads\/2019\/03\/Letter2myfriends-743x1024.jpg 743w, https:\/\/seeweg.info\/wordpress\/wp-content\/uploads\/2019\/03\/Letter2myfriends-131x180.jpg 131w, https:\/\/seeweg.info\/wordpress\/wp-content\/uploads\/2019\/03\/Letter2myfriends-435x600.jpg 435w, https:\/\/seeweg.info\/wordpress\/wp-content\/uploads\/2019\/03\/Letter2myfriends-768x1059.jpg 768w, https:\/\/seeweg.info\/wordpress\/wp-content\/uploads\/2019\/03\/Letter2myfriends-624x860.jpg 624w\" sizes=\"auto, (max-width: 743px) 100vw, 743px\" \/><\/figure>\n\n\n\n<figure class=\"wp-block-image is-resized\"><a href=\"https:\/\/www.ln-online.de\/Nachrichten\/Kultur\/Kultur-im-Norden\/Internationale-Kunst-auf-Gut-Wittmoldt\" target=\"_blank\" rel=\"noreferrer noopener\"><img loading=\"lazy\" decoding=\"async\" src=\"https:\/\/seeweg.info\/wordpress\/wp-content\/uploads\/2019\/05\/wittmoldt1-1024x386.jpg\" alt=\"\" class=\"wp-image-2765\" width=\"855\" height=\"321\" srcset=\"https:\/\/seeweg.info\/wordpress\/wp-content\/uploads\/2019\/05\/wittmoldt1-1024x386.jpg 1024w, https:\/\/seeweg.info\/wordpress\/wp-content\/uploads\/2019\/05\/wittmoldt1-180x68.jpg 180w, https:\/\/seeweg.info\/wordpress\/wp-content\/uploads\/2019\/05\/wittmoldt1-600x226.jpg 600w, https:\/\/seeweg.info\/wordpress\/wp-content\/uploads\/2019\/05\/wittmoldt1-624x235.jpg 624w\" sizes=\"auto, (max-width: 855px) 100vw, 855px\" \/><\/a><figcaption>L\u00fcbecker Nachrichten, 23. Mai 2019<\/figcaption><\/figure>\n\n\n\n<figure class=\"wp-block-image\"><img loading=\"lazy\" decoding=\"async\" width=\"1024\" height=\"1005\" src=\"https:\/\/seeweg.info\/wordpress\/wp-content\/uploads\/2019\/05\/ploen21-27-1024x1005.jpg\" alt=\"\" class=\"wp-image-2826\"\/><figcaption>Der Reporter Pl\u00f6n, 22. Mai 2019<\/figcaption><\/figure>\n\n\n\n<p><\/p>\n\n\n\n<p>Er\u00f6ffnungsrede von Dr. B\u00e4rbel Manitz, Kiel am 26. Mai 2019<\/p>\n\n\n\n<div class=\"wp-block-file\"><a href=\"https:\/\/seeweg.info\/wordpress\/wp-content\/uploads\/2019\/06\/Rede-Expo-26.5.2019-fu\u0308r-Publikatikon.pdf\">Rede-Expo-26.5.2019 &#8211; fu\u0308r-Publikatikon<\/a><a href=\"https:\/\/seeweg.info\/wordpress\/wp-content\/uploads\/2019\/06\/Rede-Expo-26.5.2019-fu\u0308r-Publikatikon.pdf\" class=\"wp-block-file__button\" download>Herunterladen<\/a><\/div>\n\n\n\n\n\n<p><\/p>\n\n\n\n<p><\/p>\n\n\n\n<p><\/p>\n\n\n\n<p><\/p>\n\n\n\n<p><\/p>\n\n\n\n<p><\/p>\n\n\n\n<p><\/p>\n\n\n\n<p><\/p>\n\n\n\n<p><\/p>\n\n\n\n<p><\/p>\n","protected":false},"excerpt":{"rendered":"<p>Seeweg Gut Wittmoldt e.V. pr\u00e4sentiert &nbsp; Bernhard G. Lehmann &nbsp; &#8222;Letter To My Friends&#8220; &nbsp; Mit den G\u00e4sten: &nbsp; Liang Xuefang Lin Lecheng Josep Vallribera Sabine Linse Peter Rathmann Holger R\u00fcdel &nbsp; 26. Mai bis 25. August 2019 Er\u00f6ffnungsrede von Dr. B\u00e4rbel Manitz, Kiel am 26. Mai 2019<\/p>\n","protected":false},"author":2,"featured_media":0,"parent":2645,"menu_order":16,"comment_status":"closed","ping_status":"closed","template":"","meta":{"_monsterinsights_skip_tracking":false,"_monsterinsights_sitenote_active":false,"_monsterinsights_sitenote_note":"","_monsterinsights_sitenote_category":0,"footnotes":""},"class_list":["post-2695","page","type-page","status-publish","hentry"],"_links":{"self":[{"href":"https:\/\/seeweg.info\/wordpress\/wp-json\/wp\/v2\/pages\/2695","targetHints":{"allow":["GET"]}}],"collection":[{"href":"https:\/\/seeweg.info\/wordpress\/wp-json\/wp\/v2\/pages"}],"about":[{"href":"https:\/\/seeweg.info\/wordpress\/wp-json\/wp\/v2\/types\/page"}],"author":[{"embeddable":true,"href":"https:\/\/seeweg.info\/wordpress\/wp-json\/wp\/v2\/users\/2"}],"replies":[{"embeddable":true,"href":"https:\/\/seeweg.info\/wordpress\/wp-json\/wp\/v2\/comments?post=2695"}],"version-history":[{"count":25,"href":"https:\/\/seeweg.info\/wordpress\/wp-json\/wp\/v2\/pages\/2695\/revisions"}],"predecessor-version":[{"id":2850,"href":"https:\/\/seeweg.info\/wordpress\/wp-json\/wp\/v2\/pages\/2695\/revisions\/2850"}],"up":[{"embeddable":true,"href":"https:\/\/seeweg.info\/wordpress\/wp-json\/wp\/v2\/pages\/2645"}],"wp:attachment":[{"href":"https:\/\/seeweg.info\/wordpress\/wp-json\/wp\/v2\/media?parent=2695"}],"curies":[{"name":"wp","href":"https:\/\/api.w.org\/{rel}","templated":true}]}}