{"id":382,"date":"2013-05-24T17:12:35","date_gmt":"2013-05-24T15:12:35","guid":{"rendered":"http:\/\/seeweg.info\/wordpress\/?page_id=382"},"modified":"2017-03-22T17:26:07","modified_gmt":"2017-03-22T15:26:07","slug":"triologue-goes-avantgarde","status":"publish","type":"page","link":"https:\/\/seeweg.info\/wordpress\/ausstellung-2013\/triologue-goes-avantgarde\/","title":{"rendered":"Triologue goes Avantgarde"},"content":{"rendered":"<address>\u00a0<\/address>\n<address><img loading=\"lazy\" decoding=\"async\" class=\"wp-image-387 aligncenter\" title=\"Schattenskulptur\" src=\"https:\/\/seeweg.info\/wordpress\/wp-content\/uploads\/2013\/05\/Schattenskultur.jpg\" alt=\"Schattenskultur\" width=\"525\" height=\"434\" srcset=\"https:\/\/seeweg.info\/wordpress\/wp-content\/uploads\/2013\/05\/Schattenskultur.jpg 3283w, https:\/\/seeweg.info\/wordpress\/wp-content\/uploads\/2013\/05\/Schattenskultur-180x149.jpg 180w, https:\/\/seeweg.info\/wordpress\/wp-content\/uploads\/2013\/05\/Schattenskultur-768x635.jpg 768w, https:\/\/seeweg.info\/wordpress\/wp-content\/uploads\/2013\/05\/Schattenskultur-1024x847.jpg 1024w, https:\/\/seeweg.info\/wordpress\/wp-content\/uploads\/2013\/05\/Schattenskultur-624x516.jpg 624w, https:\/\/seeweg.info\/wordpress\/wp-content\/uploads\/2013\/05\/Schattenskultur-600x496.jpg 600w\" sizes=\"auto, (max-width: 525px) 100vw, 525px\" \/><\/address>\n<address>\u00a0<\/address>\n<address>\u00a0<\/address>\n<h2>Triologue goes Avantgarde<\/h2>\n<address>Die au\u00dfergew\u00f6hnliche Formation Triologue, sonst im Bereich Jazz-World-Avantgarde angesiedelt, widmet sich in diesem Konzert in Duo-Besetzung dem Grenzbereich zwischen moderner Kunst und Musik. Skulpturen des K\u00fcnstlers Bernhard G. Lehmann, der schon f\u00fcr Hans Werner Henze Kunstwerke konzipiert und erschaffen hat, werden von den Musikern Ninon Gloger (Klavier\/Synthesizer) und Olaf Koep (Percussion\/Elektronik) zum Schwingen gebracht und bahnen sich mal leise klirrend, mal \u00e4therisch schwebend ihren Weg in die Improvisationen der beiden Kreativk\u00fcnstler. Zeitgen\u00f6ssische Musikwerke, Originalkompositionen von Triologue und freie Passagen verbinden sich mit den klingenden Kunstwerken von Lehmann und ergeben eine harmonische Einheit f\u00fcr Auge und Ohr. Ninon Gloger &#8211; ausgebildet an der Musikhochschule L\u00fcbeck bei Konrad Elser- ist Mitlied im Hamburger Ensembles Integrales und erst k\u00fcrzlich als Solistin beim Cage Klavierkonzert mit dem Landesjugendensemble f\u00fcr Neue Musik im Kieler Schloss und auf Kampnagel (NDR &#8211; das Neue Werk) in Erscheinung getreten. Olaf Koep war in den 80er Jahren Schlagzeugsch\u00fcler von S\u00f6nke Hermannsen an der Rendsburger Musikschule und studierte in Hamburg und L\u00fcbeck klassisches Schlagwerk. Er spielt momentan am Thalia Theater Hamburg und in der bekannten Irish Folk Band \u201eGlenfiddle\u201c sowie in weiteren Formationen. Zusammen mit dem Bassisten Johannes Huth bilden sie das bereits mit Preisen versehene Trio \u201eTriologue\u201c.<\/address>\n","protected":false},"excerpt":{"rendered":"<p>\u00a0 \u00a0 \u00a0 Triologue goes Avantgarde Die au\u00dfergew\u00f6hnliche Formation Triologue, sonst im Bereich Jazz-World-Avantgarde angesiedelt, widmet sich in diesem Konzert in Duo-Besetzung dem Grenzbereich zwischen moderner Kunst und Musik. Skulpturen des K\u00fcnstlers Bernhard G. Lehmann, der schon f\u00fcr Hans Werner Henze Kunstwerke konzipiert und erschaffen hat, werden von den Musikern Ninon Gloger (Klavier\/Synthesizer) und Olaf &hellip; <a href=\"https:\/\/seeweg.info\/wordpress\/ausstellung-2013\/triologue-goes-avantgarde\/\" class=\"more-link\"><span class=\"screen-reader-text\">Triologue goes Avantgarde<\/span> weiterlesen<\/a><\/p>\n","protected":false},"author":4,"featured_media":0,"parent":766,"menu_order":54,"comment_status":"closed","ping_status":"closed","template":"","meta":{"_monsterinsights_skip_tracking":false,"_monsterinsights_sitenote_active":false,"_monsterinsights_sitenote_note":"","_monsterinsights_sitenote_category":0,"footnotes":""},"class_list":["post-382","page","type-page","status-publish","hentry"],"_links":{"self":[{"href":"https:\/\/seeweg.info\/wordpress\/wp-json\/wp\/v2\/pages\/382","targetHints":{"allow":["GET"]}}],"collection":[{"href":"https:\/\/seeweg.info\/wordpress\/wp-json\/wp\/v2\/pages"}],"about":[{"href":"https:\/\/seeweg.info\/wordpress\/wp-json\/wp\/v2\/types\/page"}],"author":[{"embeddable":true,"href":"https:\/\/seeweg.info\/wordpress\/wp-json\/wp\/v2\/users\/4"}],"replies":[{"embeddable":true,"href":"https:\/\/seeweg.info\/wordpress\/wp-json\/wp\/v2\/comments?post=382"}],"version-history":[{"count":19,"href":"https:\/\/seeweg.info\/wordpress\/wp-json\/wp\/v2\/pages\/382\/revisions"}],"predecessor-version":[{"id":1888,"href":"https:\/\/seeweg.info\/wordpress\/wp-json\/wp\/v2\/pages\/382\/revisions\/1888"}],"up":[{"embeddable":true,"href":"https:\/\/seeweg.info\/wordpress\/wp-json\/wp\/v2\/pages\/766"}],"wp:attachment":[{"href":"https:\/\/seeweg.info\/wordpress\/wp-json\/wp\/v2\/media?parent=382"}],"curies":[{"name":"wp","href":"https:\/\/api.w.org\/{rel}","templated":true}]}}