{"id":5,"date":"2013-04-12T00:58:55","date_gmt":"2013-04-11T22:58:55","guid":{"rendered":"http:\/\/seeweg.info\/wordpress\/?page_id=5"},"modified":"2024-11-14T21:42:29","modified_gmt":"2024-11-14T19:42:29","slug":"aktuelle-ausstellung","status":"publish","type":"page","link":"https:\/\/seeweg.info\/wordpress\/","title":{"rendered":"Seeweg Gut Wittmoldt e.V."},"content":{"rendered":"<h1 style=\"text-align: center;\">Seeweg Gut Wittmoldt e.V.<\/h1>\n<h3 style=\"text-align: center;\">pr\u00e4sentiert<\/h3>\n<h1 style=\"text-align: center;\">Bernhard G. Lehmann<\/h1>\n<h1 style=\"text-align: center;\">&#8222;Letter To My Friends&#8220;<\/h1>\n<h3 style=\"text-align: center;\">Mit den G\u00e4sten:<\/h3>\n<h1 style=\"text-align: center;\">Liang Xuefang<\/h1>\n<h1 style=\"text-align: center;\">Lin Lecheng<\/h1>\n<h1 style=\"text-align: center;\">Josep Vallribera<\/h1>\n<h1 style=\"text-align: center;\">Sabine Linse<\/h1>\n<h1 style=\"text-align: center;\">Peter Rathmann<\/h1>\n<h1 style=\"text-align: center;\">Holger R\u00fcdel<\/h1>\n<h1 style=\"text-align: center;\">\u00a0<\/h1>\n<h3 style=\"text-align: center;\">Sommerausstellung bis zum 25. August 2019<\/h3>\n\n\n<figure class=\"wp-block-image\"><img loading=\"lazy\" decoding=\"async\" width=\"722\" height=\"1024\" src=\"https:\/\/seeweg.info\/wordpress\/wp-content\/uploads\/2019\/05\/IMG_0253-722x1024.jpg\" alt=\"\" class=\"wp-image-2755\" srcset=\"https:\/\/seeweg.info\/wordpress\/wp-content\/uploads\/2019\/05\/IMG_0253-722x1024.jpg 722w, https:\/\/seeweg.info\/wordpress\/wp-content\/uploads\/2019\/05\/IMG_0253-127x180.jpg 127w, https:\/\/seeweg.info\/wordpress\/wp-content\/uploads\/2019\/05\/IMG_0253-423x600.jpg 423w, https:\/\/seeweg.info\/wordpress\/wp-content\/uploads\/2019\/05\/IMG_0253-768x1090.jpg 768w, https:\/\/seeweg.info\/wordpress\/wp-content\/uploads\/2019\/05\/IMG_0253-624x885.jpg 624w, https:\/\/seeweg.info\/wordpress\/wp-content\/uploads\/2019\/05\/IMG_0253.jpg 902w\" sizes=\"auto, (max-width: 722px) 100vw, 722px\" \/><\/figure>\n\n\n","protected":false},"excerpt":{"rendered":"<p>Seeweg Gut Wittmoldt e.V. pr\u00e4sentiert Bernhard G. Lehmann &#8222;Letter To My Friends&#8220; Mit den G\u00e4sten: Liang Xuefang Lin Lecheng Josep Vallribera Sabine Linse Peter Rathmann Holger R\u00fcdel \u00a0 Sommerausstellung bis zum 25. August 2019<\/p>\n","protected":false},"author":1,"featured_media":0,"parent":0,"menu_order":1,"comment_status":"closed","ping_status":"closed","template":"","meta":{"_monsterinsights_skip_tracking":false,"_monsterinsights_sitenote_active":false,"_monsterinsights_sitenote_note":"","_monsterinsights_sitenote_category":0,"footnotes":""},"class_list":["post-5","page","type-page","status-publish","hentry"],"_links":{"self":[{"href":"https:\/\/seeweg.info\/wordpress\/wp-json\/wp\/v2\/pages\/5","targetHints":{"allow":["GET"]}}],"collection":[{"href":"https:\/\/seeweg.info\/wordpress\/wp-json\/wp\/v2\/pages"}],"about":[{"href":"https:\/\/seeweg.info\/wordpress\/wp-json\/wp\/v2\/types\/page"}],"author":[{"embeddable":true,"href":"https:\/\/seeweg.info\/wordpress\/wp-json\/wp\/v2\/users\/1"}],"replies":[{"embeddable":true,"href":"https:\/\/seeweg.info\/wordpress\/wp-json\/wp\/v2\/comments?post=5"}],"version-history":[{"count":203,"href":"https:\/\/seeweg.info\/wordpress\/wp-json\/wp\/v2\/pages\/5\/revisions"}],"predecessor-version":[{"id":2847,"href":"https:\/\/seeweg.info\/wordpress\/wp-json\/wp\/v2\/pages\/5\/revisions\/2847"}],"wp:attachment":[{"href":"https:\/\/seeweg.info\/wordpress\/wp-json\/wp\/v2\/media?parent=5"}],"curies":[{"name":"wp","href":"https:\/\/api.w.org\/{rel}","templated":true}]}}