{"id":7,"date":"2013-04-12T00:59:19","date_gmt":"2013-04-11T22:59:19","guid":{"rendered":"http:\/\/seeweg.info\/wordpress\/?page_id=7"},"modified":"2024-11-14T22:37:32","modified_gmt":"2024-11-14T20:37:32","slug":"konzept","status":"publish","type":"page","link":"https:\/\/seeweg.info\/wordpress\/gut-wittmoldt-2\/konzept\/","title":{"rendered":"Konzept Seeweg"},"content":{"rendered":"<h3><b>\u00a0<\/b>Wechselnde Ausstellungen auf Gut Wittmoldt<\/h3>\n<p>Ein Beitrag zu einem neuen Kulturzentrum im Raum Pl\u00f6n als \u201ework in progress\u201c<\/p>\n<p>Wir finden auf einer Halbinsel eine Landschaft mit gewachsener Natur, mit gestalteter Natur, mit einem alten Obstbaumbestand, mit der N\u00e4he zum Wasser, gelegen an einer Furt, die Verbindung schafft und in der Vergangenheit auch Verbindung war.Hier existiert ein alter Gutshof mit rot geklinkerten\u00a0 Nebengeb\u00e4uden.<\/p>\n<p>Auf einer Landzunge\u00a0 im Pl\u00f6ner See, einer sp\u00e4ter verlandeten Insel, die schon im 12. Jahrhundert besiedelt wurde, befindet sich das heutige Gut Wittmoldt mit seinem alten Gutshaus von 1895. Umringt von Nebengeb\u00e4uden und weiteren Gelassen, eingebettet in einen alten Baumbestand und umringt von Wiesen und Weiden. Der Pl\u00f6ner See ist von fast jedem Ort der Halbinsel zu sehen, zu sp\u00fcren ist er als Former der Landschaft \u00fcberall.<\/p>\n<p>Wasser und Land treffen hier reizvoll zusammen, die Historie der alten Wege wird besonders an der Furt lebendig. Die Schnittpunkte zwischen Land und Wasser sind vielf\u00e4ltig, alte B\u00e4ume liegen umgest\u00fcrzt am Ufer, Obstg\u00e4rten und Blumenwiesen reichen bis an das Wasser. Eine alte Furt deutet auf einen alten Reiseweg. Die Gartenanlage des Gutshauses hat die Natur geordnet. Der angrenzende Wald zeigt die Vielfalt der Natur mit dem umgebenden Wasser.<\/p>\n<p>W\u00e4hrend eines Rundgangs der vielleicht 1000 Schritte kann diese Erfahrung gemacht werden. Meditative Punkte, Durchblicke und gelenkte Sichten \u00fcber das Wasser zu anderen Ufern ( z.B. Pl\u00f6ner Schloss ) verbinden sich mit den Skulpturen oder Objekten.<\/p>\n<p>Der Rundgang f\u00fcr die Besucher soll durch cirka sechs bis zehn Natur und Kunst-R\u00e4ume f\u00fchren. Zwischen jedem \u201ePunkt\u201c ist genug Zeit und Raum und l\u00e4sst genug Platz f\u00fcr einen Austausch der Gedanken bei diesem Spaziergang. Der Besucher ben\u00f6tigt cirka eine Stunde Zeit diese Pl\u00e4tze zu erfahren und zu genie\u00dfen.<\/p>\n<p>Am \u201ealten Teeplatz&#8220; mit einem Ausblick zum Pl\u00f6ner Schloss, das alte Gutshaus, der alte &#8222;F\u00e4hranleger&#8220;, der &#8222;Hof Wittmoldt&#8220; mit der herrlichen alten Mauer, auf der &#8222;kleinen Graskoppel&#8220; und die S\u00fcdspitze.<\/p>\n<p>Ein besonderer Punkt wird nat\u00fcrlich das alte Gutshaus sein, als Sammelpunkt, Ausgangspunkt und St\u00e4tte von kulturellen Darbietungen und Treffpunkt.<\/p>\n<p>Im alten Gutshaus werden zus\u00e4tzlich Ausstellungen mit kleineren Objekten und Bildern gezeigt.<\/p>\n<p>Die Er\u00f6ffnung an einem Sonntag mit gen\u00fcgend Zeit f\u00fcr besondere Aktionen an den SEE-PUNKTEN. Lesungen, Musik, eine Er\u00f6ffnungsansprache, Essen und Trinken verteilen sich auf dem Gel\u00e4nde. Die Besucher werden (begleitet) auf eine Entdeckungsreise geschickt.<\/p>\n<p>Hinweisschilder auf den Rundgang, die Objektbezeichnungen und Namen der Punkte machen es den Besuchern nach der Er\u00f6ffnung leicht den Weg selbst zu ergr\u00fcnden.<\/p>\n<p>Wechselnde Jahreszeiten, Veranstaltungen, Ausstellungen auch im Gutshaus und weitere Arbeiten werden dieses Projekt immer wieder beleben.<\/p>\n<p>Das Konzept ist auf wechselnde Ausstellungen und Veranstaltungen angelegt.<\/p>\n<p>So soll ein weiterer Ort in Schleswig-Holstein entstehen, der in einer alten Kulturlandschaft seinen Platz findet, die Historie mit der Neuzeit verbindet und mit der herrlichen Landschaft einen kulturellen Mittelpunkt setzt.<\/p>\n","protected":false},"excerpt":{"rendered":"<p>\u00a0Wechselnde Ausstellungen auf Gut Wittmoldt Ein Beitrag zu einem neuen Kulturzentrum im Raum Pl\u00f6n als \u201ework in progress\u201c Wir finden auf einer Halbinsel eine Landschaft mit gewachsener Natur, mit gestalteter Natur, mit einem alten Obstbaumbestand, mit der N\u00e4he zum Wasser, gelegen an einer Furt, die Verbindung schafft und in der Vergangenheit auch Verbindung war.Hier existiert &hellip; <a href=\"https:\/\/seeweg.info\/wordpress\/gut-wittmoldt-2\/konzept\/\" class=\"more-link\"><span class=\"screen-reader-text\">Konzept Seeweg<\/span> weiterlesen<\/a><\/p>\n","protected":false},"author":1,"featured_media":0,"parent":1318,"menu_order":61,"comment_status":"closed","ping_status":"closed","template":"page-templates\/front-page.php","meta":{"_monsterinsights_skip_tracking":false,"_monsterinsights_sitenote_active":false,"_monsterinsights_sitenote_note":"","_monsterinsights_sitenote_category":0,"footnotes":""},"class_list":["post-7","page","type-page","status-publish","hentry"],"_links":{"self":[{"href":"https:\/\/seeweg.info\/wordpress\/wp-json\/wp\/v2\/pages\/7","targetHints":{"allow":["GET"]}}],"collection":[{"href":"https:\/\/seeweg.info\/wordpress\/wp-json\/wp\/v2\/pages"}],"about":[{"href":"https:\/\/seeweg.info\/wordpress\/wp-json\/wp\/v2\/types\/page"}],"author":[{"embeddable":true,"href":"https:\/\/seeweg.info\/wordpress\/wp-json\/wp\/v2\/users\/1"}],"replies":[{"embeddable":true,"href":"https:\/\/seeweg.info\/wordpress\/wp-json\/wp\/v2\/comments?post=7"}],"version-history":[{"count":24,"href":"https:\/\/seeweg.info\/wordpress\/wp-json\/wp\/v2\/pages\/7\/revisions"}],"predecessor-version":[{"id":2924,"href":"https:\/\/seeweg.info\/wordpress\/wp-json\/wp\/v2\/pages\/7\/revisions\/2924"}],"up":[{"embeddable":true,"href":"https:\/\/seeweg.info\/wordpress\/wp-json\/wp\/v2\/pages\/1318"}],"wp:attachment":[{"href":"https:\/\/seeweg.info\/wordpress\/wp-json\/wp\/v2\/media?parent=7"}],"curies":[{"name":"wp","href":"https:\/\/api.w.org\/{rel}","templated":true}]}}