{"id":9,"date":"2013-04-12T00:59:37","date_gmt":"2013-04-11T22:59:37","guid":{"rendered":"http:\/\/seeweg.info\/wordpress\/?page_id=9"},"modified":"2015-03-10T16:16:29","modified_gmt":"2015-03-10T14:16:29","slug":"gut-wittmoldt","status":"publish","type":"page","link":"https:\/\/seeweg.info\/wordpress\/gut-wittmoldt-2\/gut-wittmoldt\/","title":{"rendered":"Historie Gut Wittmoldt"},"content":{"rendered":"<p style=\"text-align: center;\"><a href=\"https:\/\/seeweg.info\/wordpress\/wp-content\/uploads\/2013\/04\/kartemittelalterl.zustand.jpg\" rel=\"lightbox[9]\"><img loading=\"lazy\" decoding=\"async\" class=\" wp-image-234 aligncenter\" src=\"https:\/\/seeweg.info\/wordpress\/wp-content\/uploads\/2013\/04\/kartemittelalterl.zustand-300x198.jpg\" alt=\"kartemittelalterl.zustand\" width=\"354\" height=\"233\" \/><\/a><\/p>\n<p style=\"text-align: left;\">Historie Gut Wittmoldt<\/p>\n<p style=\"text-align: left;\">Zu den Urspr\u00fcngen:<br \/>\nEin \u00e4ltester, recherchierter Beleg zu Wittmoldt stammt aus der Zeit der s\u00e4chsisch-christlichen Kolonisierung im 12. Jahrhundert. In einer Urkunde von 1281 wird ein Marquad von Wotmolt erw\u00e4hnt und Wittmoldt hat somit einen guten Grund auf eine \u00fcber 700 Jahre w\u00e4hrende Geschichte zur\u00fcck zu schauen.<br \/>\nWie bei anderen ritterlichen Vasallen des Mittelalters wurde der Name nach dem Stammsitz der Familie getragen. Witmolt hie\u00df also der Landsitz, mit dem der Ritter vom Grafen belehnt worden war. Dabei ist die Bezeichnung Wotmolt wendisch und bezeichnet eine Tiefe im Fluss, was f\u00fcr die Lage des Gutes an dem sich zur Schwentine verengenden kl. Pl\u00f6ner Sees zu trifft. Die Insel Wittmoldt im Kleinen Pl\u00f6ner See wurde 1756 durch die Aufsch\u00fcttung eines Dammes zur Halbinsel. Es hat zweifellos einen besonderen historischen Reiz, dass ausgerechnet an diesem besonders sch\u00f6nen Ort, abseits von den gro\u00dfen politischen Entwicklungen, der franz\u00f6sische General Gilbert Motier de Lafayette von 1797 bis 1799 in Wittmoldt und Lehmkulen lebte.<\/p>\n<p style=\"text-align: center;\"><a href=\"https:\/\/seeweg.info\/wordpress\/wp-content\/uploads\/2013\/04\/lafayette.jpg\" rel=\"lightbox[9]\"><img loading=\"lazy\" decoding=\"async\" class=\" wp-image-237 aligncenter\" src=\"https:\/\/seeweg.info\/wordpress\/wp-content\/uploads\/2013\/04\/lafayette-300x471.jpg\" alt=\"lafayette\" width=\"264\" height=\"413\" \/><\/a><\/p>\n<p>Die Zeit ab dem 19. Jahrhundert:<br \/>\nErst ab dem fr\u00fchen 19. Jahrh. (Aufhebung der Leibeigenschaft in Holstein im Dez. 1804) zeigt sich eine \u00e4ndernde Haltung des Landadels, vom unumschr\u00e4nkten Herrn des ihm unterstellten Gebietes und der dort lebenden Menschen zu so etwas wie einer landesv\u00e4terlichen Beziehung zwischen Gutsherr und Gutsangeh\u00f6rigen.<br \/>\n1863 Bau der Stra\u00dfenverbindung nach Pl\u00f6n und damit das Ende der F\u00e4hre, die Jahrhunderte lang Wittmoldt und weite Teile des Herzogtums Pl\u00f6n, bzw. des sp\u00e4teren k\u00f6niglich-d\u00e4nischen Amtes Pl\u00f6n mit D\u00f6rinck und damit Pl\u00f6n \u00fcber die Schwentine verband.<br \/>\n1867 erfolgte die preu\u00dfische Annexion der Herzogt\u00fcmer und Wittmoldt wurde Teil des neu<br \/>\ngebildeten Kreises Pl\u00f6n.<\/p>\n<p style=\"text-align: center;\"><a href=\"https:\/\/seeweg.info\/wordpress\/wp-content\/uploads\/2013\/04\/faehreca.-1851.jpg\" rel=\"lightbox[9]\"><img loading=\"lazy\" decoding=\"async\" class=\"size-medium wp-image-240 aligncenter\" src=\"https:\/\/seeweg.info\/wordpress\/wp-content\/uploads\/2013\/04\/faehreca.-1851-300x214.jpg\" alt=\"faehreca. 1851\" width=\"364\" height=\"259\" \/><\/a><\/p>\n<p>Die von B\u00fclows auf Wittmoldt:<br \/>\nIn dieser Zeit der sich \u00e4ndernden Strukturen erwarb der Ur-Ur-Gro\u00dfvater der heutigen Eigent\u00fcmer, Am\u00e9lie und R\u00fcdiger von B\u00fclow-Sartory das Gut 1891 mit seinen Meierh\u00f6fen G\u00fcstorf und Eichhorst. Die Familie kann auf eine 120 j\u00e4hrige Geschichte auf Gut Wittmoldt zur\u00fcck blicken und es ist dies die l\u00e4ngste Periode der Verbundenheit einer Familie mit dem Ort. Die heutige Gutshofanlage auf der baumbestandenen Halbinsel im Kleinen Pl\u00f6ner See wird immer noch gepr\u00e4gt vom im Stil des Historismus erbauten Gutshauses von 1895. Den Gesamteindruck runden die ehemaligen Landarbeiterh\u00e4user mit einer ihnen angemessenen<br \/>\nNutzung als Wohnh\u00e4user oder G\u00e4steh\u00e4user ab, mit einer Geb\u00e4udeerhaltung, die die Patina ihrer Geschichte beibeh\u00e4lt.<\/p>\n<p style=\"text-align: center;\"><a href=\"https:\/\/seeweg.info\/wordpress\/wp-content\/uploads\/2013\/04\/gutshaus2sp\u00e4tes19.jh_.jpg\" rel=\"lightbox[9]\"><img loading=\"lazy\" decoding=\"async\" class=\"size-medium wp-image-258 aligncenter\" src=\"https:\/\/seeweg.info\/wordpress\/wp-content\/uploads\/2013\/04\/gutshaus2sp\u00e4tes19.jh_-300x190.jpg\" alt=\"gutshaus2sp\u00e4tes19.jh\" width=\"337\" height=\"213\" \/><\/a><\/p>\n<p>Diese Verbindung aus Nutzung und Erhaltung pr\u00e4gt auch die ehemaligen Wirtschaftsgeb\u00e4ude, die weiterhin Teil des landwirtschaftlichen Betriebes sind, oder so weit sie nur noch als Struktur und Fragment vorhanden, mit ihren Gebrauchsspuren und Platzierungen Zeichen der Geschichte des Hofes darstellen.<br \/>\nMit der \u00dcbernahme des Gutshofes von Am\u00e9lie von B\u00fclow, in der 5. Generation der Familie \u00f6ffnete sich die bisher famili\u00e4r und privat abgeschlossene Anlage in Teilen f\u00fcr die \u00d6ffentlichkeit. Eine der Drei, dabei entstandenen Richtungen ist die vom Kuratorium f\u00fcr therapeutisches Reiten zertifizierte Einrichtung f\u00fcr therapeutisches Reiten, mit Therapiebetrieb und Fortbildungsseminaren, dar\u00fcberhinaus ein Angebot an Ferien-G\u00e4steunterk\u00fcnften und als Drittes das alte Gutshaus mit seiner Kunstsammlung, mit einem Kaleidoskop, der dem Ort angemessenen Veranstaltungen und Seminaren zu den Themen Tanz, Malerei, Literatur und Musik.<\/p>\n<p style=\"text-align: center;\"><a href=\"https:\/\/seeweg.info\/wordpress\/wp-content\/uploads\/2013\/04\/karte6.jpg\" rel=\"lightbox[9]\"><img loading=\"lazy\" decoding=\"async\" class=\"wp-image-242 aligncenter\" src=\"https:\/\/seeweg.info\/wordpress\/wp-content\/uploads\/2013\/04\/karte6-300x420.jpg\" alt=\"karte6\" width=\"240\" height=\"336\" \/><\/a><\/p>\n<p style=\"text-align: left;\"><a title=\"Gut Wittmoldt\" href=\"http:\/\/gut-wittmoldt.de\" target=\"_blank\">www.gut-wittmoldt.de<\/a><\/p>\n","protected":false},"excerpt":{"rendered":"<p>Historie Gut Wittmoldt Zu den Urspr\u00fcngen: Ein \u00e4ltester, recherchierter Beleg zu Wittmoldt stammt aus der Zeit der s\u00e4chsisch-christlichen Kolonisierung im 12. Jahrhundert. In einer Urkunde von 1281 wird ein Marquad von Wotmolt erw\u00e4hnt und Wittmoldt hat somit einen guten Grund auf eine \u00fcber 700 Jahre w\u00e4hrende Geschichte zur\u00fcck zu schauen. Wie bei anderen ritterlichen Vasallen &hellip; <a href=\"https:\/\/seeweg.info\/wordpress\/gut-wittmoldt-2\/gut-wittmoldt\/\" class=\"more-link\"><span class=\"screen-reader-text\">Historie Gut Wittmoldt<\/span> weiterlesen<\/a><\/p>\n","protected":false},"author":1,"featured_media":0,"parent":1318,"menu_order":60,"comment_status":"closed","ping_status":"closed","template":"","meta":{"_monsterinsights_skip_tracking":false,"_monsterinsights_sitenote_active":false,"_monsterinsights_sitenote_note":"","_monsterinsights_sitenote_category":0,"footnotes":""},"class_list":["post-9","page","type-page","status-publish","hentry"],"_links":{"self":[{"href":"https:\/\/seeweg.info\/wordpress\/wp-json\/wp\/v2\/pages\/9","targetHints":{"allow":["GET"]}}],"collection":[{"href":"https:\/\/seeweg.info\/wordpress\/wp-json\/wp\/v2\/pages"}],"about":[{"href":"https:\/\/seeweg.info\/wordpress\/wp-json\/wp\/v2\/types\/page"}],"author":[{"embeddable":true,"href":"https:\/\/seeweg.info\/wordpress\/wp-json\/wp\/v2\/users\/1"}],"replies":[{"embeddable":true,"href":"https:\/\/seeweg.info\/wordpress\/wp-json\/wp\/v2\/comments?post=9"}],"version-history":[{"count":22,"href":"https:\/\/seeweg.info\/wordpress\/wp-json\/wp\/v2\/pages\/9\/revisions"}],"predecessor-version":[{"id":1320,"href":"https:\/\/seeweg.info\/wordpress\/wp-json\/wp\/v2\/pages\/9\/revisions\/1320"}],"up":[{"embeddable":true,"href":"https:\/\/seeweg.info\/wordpress\/wp-json\/wp\/v2\/pages\/1318"}],"wp:attachment":[{"href":"https:\/\/seeweg.info\/wordpress\/wp-json\/wp\/v2\/media?parent=9"}],"curies":[{"name":"wp","href":"https:\/\/api.w.org\/{rel}","templated":true}]}}